{"id":1241,"date":"2016-08-16T11:23:00","date_gmt":"2016-08-16T09:23:00","guid":{"rendered":"http:\/\/www.martina-dempf.de\/?p=1241"},"modified":"2023-02-27T19:57:51","modified_gmt":"2023-02-27T18:57:51","slug":"lehrauftraege","status":"publish","type":"page","link":"https:\/\/www.martina-dempf.de\/en\/lehrauftraege\/","title":{"rendered":"<a href=\"https:\/\/www.martina-dempf.de\/workshops\/\">Workshops<\/a><br><a href=\"https:\/\/www.martina-dempf.de\/south-africa-ii\/\">South Africa II<\/a><br><a href=\"https:\/\/www.martina-dempf.de\/kasachstan-iii\/\">Kazakhstan III<\/a><br><a href=\"https:\/\/www.martina-dempf.de\/idar-oberstein\/\">Idar-Oberstein<\/a><br><a href=\"https:\/\/www.martina-dempf.de\/italien-ii\/\">Italy II<\/a><br><a href=\"https:\/\/www.martina-dempf.de\/italy\/\">Italy<\/a><br><a href=\"https:\/\/www.martina-dempf.de\/kazachstan-ii\/\">Kazachstan II<\/a><br><a href=\"https:\/\/www.martina-dempf.de\/dubai\/\">Dubai<\/a><br><a href=\"https:\/\/www.martina-dempf.de\/borneo\/\">Borneo<\/a><br><a href=\"https:\/\/www.martina-dempf.de\/kasachstan\/\">Kazakhstan<\/a><br><a href=\"https:\/\/www.martina-dempf.de\/ghana\/\">Ghana<\/a><br><a href=\"https:\/\/www.martina-dempf.de\/ruanda\/\">Rwanda<\/a><br><a href=\"https:\/\/www.martina-dempf.de\/suedafrika\/\">South Africa<\/a><br><a href=\"https:\/\/www.martina-dempf.de\/kambodscha\/\">Cambodia<\/a><br><a href=\"https:\/\/www.martina-dempf.de\/laos\/\">Laos<\/a><br><a href=\"https:\/\/www.martina-dempf.de\/vietnam\/\">Vietnam<\/a><br><a href=\"https:\/\/www.martina-dempf.de\/nepal\/\">Nepal<\/a><br><a href=\"https:\/\/www.martina-dempf.de\/senegal\/\">Senegal<\/a><br>Lectureship"},"content":{"rendered":"<p>At the University of Fine Arts, Berlin I was teaching design and jewellery making from 1989 until 1996. The jewellery workshop was part of the metal sculpture department with Prof.W. Gailis and later Prof. Chr. M\u00f6bus. <\/p>\n<p>After changing the structure of the University of Fine Arts there is no more jewellery workshop there.<\/p>\n<p><span style=\"font-size: 10pt;\"> To navigate on a PC or notebook, please use the forward and back arrows of the keyboard or the horizontal scroll bar. <\/span ><\/p>\n<p><\/p>","protected":false},"excerpt":{"rendered":"<p>At the University of Fine Arts, Berlin I was teaching design and jewellery making from 1989 until 1996. The jewellery workshop was part of the metal sculpture department with Prof.W. Gailis and later Prof. Chr. M\u00f6bus. After changing the structure of the University of Fine Arts there is no more jewellery workshop there. To navigate [&hellip;]<\/p>\n","protected":false},"author":1,"featured_media":0,"parent":0,"menu_order":0,"comment_status":"closed","ping_status":"closed","template":"","meta":[],"yoast_head":"<!-- This site is optimized with the Yoast SEO plugin v20.3 - https:\/\/yoast.com\/wordpress\/plugins\/seo\/ -->\n<title>Lehrauftr\u00e4ge | MARTINA DEMPF Schmuckdesign Berlin<\/title>\n<meta name=\"description\" content=\"An der Berliner Hochschule der K\u00fcnste war Martina Dempf von 1989 bis 1996 als Lehrbeauftragte f\u00fcr Entwurf und Ausf\u00fchrung von Schmuck t\u00e4tig.\" \/>\n<meta name=\"robots\" content=\"index, follow, max-snippet:-1, max-image-preview:large, max-video-preview:-1\" \/>\n<link rel=\"canonical\" href=\"https:\/\/www.martina-dempf.de\/lehrauftraege\/\" \/>\n<meta property=\"og:locale\" content=\"en_US\" \/>\n<meta property=\"og:type\" content=\"article\" \/>\n<meta property=\"og:title\" content=\"[:de]Lehrauftr\u00e4ge | MARTINA DEMPF Schmuckdesign Berlin[:]\" \/>\n<meta property=\"og:description\" content=\"{:de}An der Berliner Hochschule der K\u00fcnste war Martina Dempf von 1989 bis 1996 als Lehrbeauftragte f\u00fcr Entwurf und Ausf\u00fchrung von Schmuck t\u00e4tig.{:}\" \/>\n<meta property=\"og:url\" content=\"https:\/\/www.martina-dempf.de\/lehrauftraege\/\" \/>\n<meta property=\"og:site_name\" content=\"MARTINA DEMPF\" \/>\n<meta property=\"article:modified_time\" content=\"2023-02-27T18:57:51+00:00\" \/>\n<meta property=\"og:image\" content=\"https:\/\/www.martina-dempf.de\/wp-content\/uploads\/2016\/08\/90-Berlin-01-150x150.jpg\" \/>\n<meta name=\"twitter:card\" content=\"summary_large_image\" \/>\n<meta name=\"twitter:label1\" content=\"Est. reading time\" \/>\n\t<meta name=\"twitter:data1\" content=\"1 minute\" \/>\n<script type=\"application\/ld+json\" class=\"yoast-schema-graph\">{\"@context\":\"https:\/\/schema.org\",\"@graph\":[{\"@type\":\"WebPage\",\"@id\":\"https:\/\/www.martina-dempf.de\/lehrauftraege\/\",\"url\":\"https:\/\/www.martina-dempf.de\/lehrauftraege\/\",\"name\":\"[:de]Lehrauftr\u00e4ge | MARTINA DEMPF Schmuckdesign Berlin[:]\",\"isPartOf\":{\"@id\":\"https:\/\/www.martina-dempf.de\/#website\"},\"datePublished\":\"2016-08-16T09:23:00+00:00\",\"dateModified\":\"2023-02-27T18:57:51+00:00\",\"description\":\"{:de}An der Berliner Hochschule der K\u00fcnste war Martina Dempf von 1989 bis 1996 als Lehrbeauftragte f\u00fcr Entwurf und Ausf\u00fchrung von Schmuck t\u00e4tig.{:}\",\"breadcrumb\":{\"@id\":\"https:\/\/www.martina-dempf.de\/lehrauftraege\/#breadcrumb\"},\"inLanguage\":\"en-US\",\"potentialAction\":[{\"@type\":\"ReadAction\",\"target\":[\"https:\/\/www.martina-dempf.de\/lehrauftraege\/\"]}]},{\"@type\":\"BreadcrumbList\",\"@id\":\"https:\/\/www.martina-dempf.de\/lehrauftraege\/#breadcrumb\",\"itemListElement\":[{\"@type\":\"ListItem\",\"position\":1,\"name\":\"Startseite\",\"item\":\"https:\/\/www.martina-dempf.de\/\"},{\"@type\":\"ListItem\",\"position\":2,\"name\":\"WorkshopsS\u00fcdafrika IIKasachstan IIIIdar-ObersteinItalien IIItalienKasachstan IIDubaiBorneoKasachstanGhanaRuandaS\u00fcdafrikaKambodschaLaosVietnamNepalSenegalLehrauftr\u00e4ge\"}]},{\"@type\":\"WebSite\",\"@id\":\"https:\/\/www.martina-dempf.de\/#website\",\"url\":\"https:\/\/www.martina-dempf.de\/\",\"name\":\"MARTINA DEMPF\",\"description\":\"Schumuck Design \/ Jewellery Design\",\"potentialAction\":[{\"@type\":\"SearchAction\",\"target\":{\"@type\":\"EntryPoint\",\"urlTemplate\":\"https:\/\/www.martina-dempf.de\/?s={search_term_string}\"},\"query-input\":\"required name=search_term_string\"}],\"inLanguage\":\"en-US\"}]}<\/script>\n<!-- \/ Yoast SEO plugin. -->","yoast_head_json":{"title":"Lehrauftr\u00e4ge | MARTINA DEMPF Schmuckdesign Berlin","description":"An der Berliner Hochschule der K\u00fcnste war Martina Dempf von 1989 bis 1996 als Lehrbeauftragte f\u00fcr Entwurf und Ausf\u00fchrung von Schmuck t\u00e4tig.","robots":{"index":"index","follow":"follow","max-snippet":"max-snippet:-1","max-image-preview":"max-image-preview:large","max-video-preview":"max-video-preview:-1"},"canonical":"https:\/\/www.martina-dempf.de\/lehrauftraege\/","og_locale":"en_US","og_type":"article","og_title":"[:de]Lehrauftr\u00e4ge | MARTINA DEMPF Schmuckdesign Berlin[:]","og_description":"{:de}An der Berliner Hochschule der K\u00fcnste war Martina Dempf von 1989 bis 1996 als Lehrbeauftragte f\u00fcr Entwurf und Ausf\u00fchrung von Schmuck t\u00e4tig.{:}","og_url":"https:\/\/www.martina-dempf.de\/lehrauftraege\/","og_site_name":"MARTINA DEMPF","article_modified_time":"2023-02-27T18:57:51+00:00","og_image":[{"url":"https:\/\/www.martina-dempf.de\/wp-content\/uploads\/2016\/08\/90-Berlin-01-150x150.jpg"}],"twitter_card":"summary_large_image","twitter_misc":{"Est. reading time":"1 minute"},"schema":{"@context":"https:\/\/schema.org","@graph":[{"@type":"WebPage","@id":"https:\/\/www.martina-dempf.de\/lehrauftraege\/","url":"https:\/\/www.martina-dempf.de\/lehrauftraege\/","name":"[:de]Lehrauftr\u00e4ge | MARTINA DEMPF Schmuckdesign Berlin[:]","isPartOf":{"@id":"https:\/\/www.martina-dempf.de\/#website"},"datePublished":"2016-08-16T09:23:00+00:00","dateModified":"2023-02-27T18:57:51+00:00","description":"{:de}An der Berliner Hochschule der K\u00fcnste war Martina Dempf von 1989 bis 1996 als Lehrbeauftragte f\u00fcr Entwurf und Ausf\u00fchrung von Schmuck t\u00e4tig.{:}","breadcrumb":{"@id":"https:\/\/www.martina-dempf.de\/lehrauftraege\/#breadcrumb"},"inLanguage":"en-US","potentialAction":[{"@type":"ReadAction","target":["https:\/\/www.martina-dempf.de\/lehrauftraege\/"]}]},{"@type":"BreadcrumbList","@id":"https:\/\/www.martina-dempf.de\/lehrauftraege\/#breadcrumb","itemListElement":[{"@type":"ListItem","position":1,"name":"Startseite","item":"https:\/\/www.martina-dempf.de\/"},{"@type":"ListItem","position":2,"name":"WorkshopsS\u00fcdafrika IIKasachstan IIIIdar-ObersteinItalien IIItalienKasachstan IIDubaiBorneoKasachstanGhanaRuandaS\u00fcdafrikaKambodschaLaosVietnamNepalSenegalLehrauftr\u00e4ge"}]},{"@type":"WebSite","@id":"https:\/\/www.martina-dempf.de\/#website","url":"https:\/\/www.martina-dempf.de\/","name":"MARTINA DEMPF","description":"Schumuck Design \/ Jewellery Design","potentialAction":[{"@type":"SearchAction","target":{"@type":"EntryPoint","urlTemplate":"https:\/\/www.martina-dempf.de\/?s={search_term_string}"},"query-input":"required name=search_term_string"}],"inLanguage":"en-US"}]}},"_links":{"self":[{"href":"https:\/\/www.martina-dempf.de\/en\/wp-json\/wp\/v2\/pages\/1241"}],"collection":[{"href":"https:\/\/www.martina-dempf.de\/en\/wp-json\/wp\/v2\/pages"}],"about":[{"href":"https:\/\/www.martina-dempf.de\/en\/wp-json\/wp\/v2\/types\/page"}],"author":[{"embeddable":true,"href":"https:\/\/www.martina-dempf.de\/en\/wp-json\/wp\/v2\/users\/1"}],"replies":[{"embeddable":true,"href":"https:\/\/www.martina-dempf.de\/en\/wp-json\/wp\/v2\/comments?post=1241"}],"version-history":[{"count":10,"href":"https:\/\/www.martina-dempf.de\/en\/wp-json\/wp\/v2\/pages\/1241\/revisions"}],"predecessor-version":[{"id":2547,"href":"https:\/\/www.martina-dempf.de\/en\/wp-json\/wp\/v2\/pages\/1241\/revisions\/2547"}],"wp:attachment":[{"href":"https:\/\/www.martina-dempf.de\/en\/wp-json\/wp\/v2\/media?parent=1241"}],"curies":[{"name":"wp","href":"https:\/\/api.w.org\/{rel}","templated":true}]}}