{"id":1504,"date":"2017-05-01T14:12:18","date_gmt":"2017-05-01T12:12:18","guid":{"rendered":"http:\/\/www.martina-dempf.de\/?p=1504"},"modified":"2023-02-27T19:42:48","modified_gmt":"2023-02-27T18:42:48","slug":"kazachstan-ii","status":"publish","type":"page","link":"https:\/\/www.martina-dempf.de\/en\/kazachstan-ii\/","title":{"rendered":"<a href=\"https:\/\/www.martina-dempf.de\/workshops\/\">Workshops<\/a><br><a href=\"https:\/\/www.martina-dempf.de\/south-africa-ii\/\">South Africa II<\/a><br><a href=\" https:\/\/www.martina-dempf.de\/kasachstan-iii\/\">Kazakhstan III<\/a><br><a href=\"https:\/\/www.martina-dempf.de\/idar-oberstein\/\">Idar-Oberstein<\/a><br><a href=\"https:\/\/www.martina-dempf.de\/italien-ii\/\">Italy II<\/a><br><a href=\"https:\/\/www.martina-dempf.de\/italy\/\">Italy<\/a><br>Kazachstan II<br><a href=\"https:\/\/www.martina-dempf.de\/dubai\/\">Dubai<\/a><br><a href=\"https:\/\/www.martina-dempf.de\/borneo\/\">Borneo<\/a><br><a href=\"https:\/\/www.martina-dempf.de\/kasachstan\/\">Kazakhstan<\/a><br><a href=\"https:\/\/www.martina-dempf.de\/ghana\/\">Ghana<\/a><br><a href=\"https:\/\/www.martina-dempf.de\/ruanda\/\">Rwanda<\/a><br><a href=\"https:\/\/www.martina-dempf.de\/suedafrika\/\">South Africa<\/a><br><a href=\"https:\/\/www.martina-dempf.de\/kambodscha\/\">Cambodia<\/a><br><a href=\"https:\/\/www.martina-dempf.de\/laos\/\">Laos<\/a><br><a href=\"https:\/\/www.martina-dempf.de\/vietnam\/\">Vietnam<\/a><br><a href=\"https:\/\/www.martina-dempf.de\/nepal\/\">Nepal<\/a><br><a href=\"https:\/\/www.martina-dempf.de\/senegal\/\">Senegal<\/a><br><a href=\"https:\/\/www.martina-dempf.de\/lehrauftraege\/\">Lectureship<\/a>"},"content":{"rendered":"<p>Sheber Festival 2016<br \/>\nWorkshop<br \/>\n\u201cJewellery and Wood &#8211; an Artistic Experience\u201d<br \/>\nAstana &#8211; Kazakhstan<br \/>\nAstana University of Arts and Union of Artisans of Kazakhstan<\/p>\n<p>The Sheber-Keruyen Festival Astana 2016 was held by the Union of Artisans of Kazakhstan, UNDP in partnership with the Chevron company, Shopping Center Keruyen, UNESCO, FECA, galleries Has Sanat, the National Museum of Kazakhstan.<\/p>\n<p>A fashion and jewellery show opened the event, which included exhibtions from artisans all over Kazachstan. The workshop took place in the University of Fine Arts, in co-operation with. Prof. Serzhan Bashirov.<\/p>\n<p>Over recent years, wood has come into the focus for contemporary artistic jewellers. Inspired by their works, the participating artists (woodworkers and jewellers) expressed themselves spontaneously, which led to really surprising innovative works.<\/p>\n<p><span style=\"font-size: 10pt;\"> To navigate on a PC or notebook, please use the forward and back arrows of the keyboard or the horizontal scroll bar. <\/span><\/p>\n<p><\/p>","protected":false},"excerpt":{"rendered":"<p>Sheber Festival 2016 Workshop \u201cJewellery and Wood &#8211; an Artistic Experience\u201d Astana &#8211; Kazakhstan Astana University of Arts and Union of Artisans of Kazakhstan The Sheber-Keruyen Festival Astana 2016 was held by the Union of Artisans of Kazakhstan, UNDP in partnership with the Chevron company, Shopping Center Keruyen, UNESCO, FECA, galleries Has Sanat, the National [&hellip;]<\/p>\n","protected":false},"author":1,"featured_media":0,"parent":0,"menu_order":0,"comment_status":"closed","ping_status":"closed","template":"","meta":[],"yoast_head":"<!-- This site is optimized with the Yoast SEO plugin v20.3 - https:\/\/yoast.com\/wordpress\/plugins\/seo\/ -->\n<title>Workshop Kasachstan II | MARTINA DEMPF Schmuckdesign Berlin<\/title>\n<meta name=\"description\" content=\"Im Workshop Hochschule der K\u00fcnste Astana, Kasachstan bearbeiteten Goldschmiede und Holzschnitzer die unterschiedlichsten H\u00f6lzer spontan und innovativ\" \/>\n<meta name=\"robots\" content=\"index, follow, max-snippet:-1, max-image-preview:large, max-video-preview:-1\" \/>\n<link rel=\"canonical\" href=\"https:\/\/www.martina-dempf.de\/kazachstan-ii\/\" \/>\n<meta property=\"og:locale\" content=\"en_US\" \/>\n<meta property=\"og:type\" content=\"article\" \/>\n<meta property=\"og:title\" content=\"[:de]Workshop Kasachstan II | MARTINA DEMPF Schmuckdesign Berlin[:]\" \/>\n<meta property=\"og:description\" content=\"{:de}Im Workshop Hochschule der K\u00fcnste Astana, Kasachstan bearbeiteten Goldschmiede und Holzschnitzer die unterschiedlichsten H\u00f6lzer spontan und innovativ{:}\" \/>\n<meta property=\"og:url\" content=\"https:\/\/www.martina-dempf.de\/kazachstan-ii\/\" \/>\n<meta property=\"og:site_name\" content=\"MARTINA DEMPF\" \/>\n<meta property=\"article:modified_time\" content=\"2023-02-27T18:42:48+00:00\" \/>\n<meta property=\"og:image\" content=\"https:\/\/www.martina-dempf.de\/wp-content\/uploads\/2017\/05\/2016-Bolat-150x150.jpg\" \/>\n<meta name=\"twitter:card\" content=\"summary_large_image\" \/>\n<meta name=\"twitter:label1\" content=\"Est. reading time\" \/>\n\t<meta name=\"twitter:data1\" content=\"2 minutes\" \/>\n<script type=\"application\/ld+json\" class=\"yoast-schema-graph\">{\"@context\":\"https:\/\/schema.org\",\"@graph\":[{\"@type\":\"WebPage\",\"@id\":\"https:\/\/www.martina-dempf.de\/kazachstan-ii\/\",\"url\":\"https:\/\/www.martina-dempf.de\/kazachstan-ii\/\",\"name\":\"[:de]Workshop Kasachstan II | MARTINA DEMPF Schmuckdesign Berlin[:]\",\"isPartOf\":{\"@id\":\"https:\/\/www.martina-dempf.de\/#website\"},\"datePublished\":\"2017-05-01T12:12:18+00:00\",\"dateModified\":\"2023-02-27T18:42:48+00:00\",\"description\":\"{:de}Im Workshop Hochschule der K\u00fcnste Astana, Kasachstan bearbeiteten Goldschmiede und Holzschnitzer die unterschiedlichsten H\u00f6lzer spontan und innovativ{:}\",\"breadcrumb\":{\"@id\":\"https:\/\/www.martina-dempf.de\/kazachstan-ii\/#breadcrumb\"},\"inLanguage\":\"en-US\",\"potentialAction\":[{\"@type\":\"ReadAction\",\"target\":[\"https:\/\/www.martina-dempf.de\/kazachstan-ii\/\"]}]},{\"@type\":\"BreadcrumbList\",\"@id\":\"https:\/\/www.martina-dempf.de\/kazachstan-ii\/#breadcrumb\",\"itemListElement\":[{\"@type\":\"ListItem\",\"position\":1,\"name\":\"Startseite\",\"item\":\"https:\/\/www.martina-dempf.de\/\"},{\"@type\":\"ListItem\",\"position\":2,\"name\":\"WorkshopsS\u00fcdafrika IIKasachstan IIIIdar-ObersteinItalien IIItalienKasachstan IIDubaiBorneoKasachstanGhanaRuandaS\u00fcdafrikaKambodschaLaosVietnamNepalSenegalLehrauftr\u00e4ge\"}]},{\"@type\":\"WebSite\",\"@id\":\"https:\/\/www.martina-dempf.de\/#website\",\"url\":\"https:\/\/www.martina-dempf.de\/\",\"name\":\"MARTINA DEMPF\",\"description\":\"Schumuck Design \/ Jewellery Design\",\"potentialAction\":[{\"@type\":\"SearchAction\",\"target\":{\"@type\":\"EntryPoint\",\"urlTemplate\":\"https:\/\/www.martina-dempf.de\/?s={search_term_string}\"},\"query-input\":\"required name=search_term_string\"}],\"inLanguage\":\"en-US\"}]}<\/script>\n<!-- \/ Yoast SEO plugin. -->","yoast_head_json":{"title":"Workshop Kasachstan II | MARTINA DEMPF Schmuckdesign Berlin","description":"Im Workshop Hochschule der K\u00fcnste Astana, Kasachstan bearbeiteten Goldschmiede und Holzschnitzer die unterschiedlichsten H\u00f6lzer spontan und innovativ","robots":{"index":"index","follow":"follow","max-snippet":"max-snippet:-1","max-image-preview":"max-image-preview:large","max-video-preview":"max-video-preview:-1"},"canonical":"https:\/\/www.martina-dempf.de\/kazachstan-ii\/","og_locale":"en_US","og_type":"article","og_title":"[:de]Workshop Kasachstan II | MARTINA DEMPF Schmuckdesign Berlin[:]","og_description":"{:de}Im Workshop Hochschule der K\u00fcnste Astana, Kasachstan bearbeiteten Goldschmiede und Holzschnitzer die unterschiedlichsten H\u00f6lzer spontan und innovativ{:}","og_url":"https:\/\/www.martina-dempf.de\/kazachstan-ii\/","og_site_name":"MARTINA DEMPF","article_modified_time":"2023-02-27T18:42:48+00:00","og_image":[{"url":"https:\/\/www.martina-dempf.de\/wp-content\/uploads\/2017\/05\/2016-Bolat-150x150.jpg"}],"twitter_card":"summary_large_image","twitter_misc":{"Est. reading time":"2 minutes"},"schema":{"@context":"https:\/\/schema.org","@graph":[{"@type":"WebPage","@id":"https:\/\/www.martina-dempf.de\/kazachstan-ii\/","url":"https:\/\/www.martina-dempf.de\/kazachstan-ii\/","name":"[:de]Workshop Kasachstan II | MARTINA DEMPF Schmuckdesign Berlin[:]","isPartOf":{"@id":"https:\/\/www.martina-dempf.de\/#website"},"datePublished":"2017-05-01T12:12:18+00:00","dateModified":"2023-02-27T18:42:48+00:00","description":"{:de}Im Workshop Hochschule der K\u00fcnste Astana, Kasachstan bearbeiteten Goldschmiede und Holzschnitzer die unterschiedlichsten H\u00f6lzer spontan und innovativ{:}","breadcrumb":{"@id":"https:\/\/www.martina-dempf.de\/kazachstan-ii\/#breadcrumb"},"inLanguage":"en-US","potentialAction":[{"@type":"ReadAction","target":["https:\/\/www.martina-dempf.de\/kazachstan-ii\/"]}]},{"@type":"BreadcrumbList","@id":"https:\/\/www.martina-dempf.de\/kazachstan-ii\/#breadcrumb","itemListElement":[{"@type":"ListItem","position":1,"name":"Startseite","item":"https:\/\/www.martina-dempf.de\/"},{"@type":"ListItem","position":2,"name":"WorkshopsS\u00fcdafrika IIKasachstan IIIIdar-ObersteinItalien IIItalienKasachstan IIDubaiBorneoKasachstanGhanaRuandaS\u00fcdafrikaKambodschaLaosVietnamNepalSenegalLehrauftr\u00e4ge"}]},{"@type":"WebSite","@id":"https:\/\/www.martina-dempf.de\/#website","url":"https:\/\/www.martina-dempf.de\/","name":"MARTINA DEMPF","description":"Schumuck Design \/ Jewellery Design","potentialAction":[{"@type":"SearchAction","target":{"@type":"EntryPoint","urlTemplate":"https:\/\/www.martina-dempf.de\/?s={search_term_string}"},"query-input":"required name=search_term_string"}],"inLanguage":"en-US"}]}},"_links":{"self":[{"href":"https:\/\/www.martina-dempf.de\/en\/wp-json\/wp\/v2\/pages\/1504"}],"collection":[{"href":"https:\/\/www.martina-dempf.de\/en\/wp-json\/wp\/v2\/pages"}],"about":[{"href":"https:\/\/www.martina-dempf.de\/en\/wp-json\/wp\/v2\/types\/page"}],"author":[{"embeddable":true,"href":"https:\/\/www.martina-dempf.de\/en\/wp-json\/wp\/v2\/users\/1"}],"replies":[{"embeddable":true,"href":"https:\/\/www.martina-dempf.de\/en\/wp-json\/wp\/v2\/comments?post=1504"}],"version-history":[{"count":17,"href":"https:\/\/www.martina-dempf.de\/en\/wp-json\/wp\/v2\/pages\/1504\/revisions"}],"predecessor-version":[{"id":2535,"href":"https:\/\/www.martina-dempf.de\/en\/wp-json\/wp\/v2\/pages\/1504\/revisions\/2535"}],"wp:attachment":[{"href":"https:\/\/www.martina-dempf.de\/en\/wp-json\/wp\/v2\/media?parent=1504"}],"curies":[{"name":"wp","href":"https:\/\/api.w.org\/{rel}","templated":true}]}}