{"id":1686,"date":"2017-10-08T13:28:59","date_gmt":"2017-10-08T11:28:59","guid":{"rendered":"http:\/\/www.martina-dempf.de\/?p=1686"},"modified":"2023-02-27T19:34:03","modified_gmt":"2023-02-27T18:34:03","slug":"italien-ii","status":"publish","type":"page","link":"https:\/\/www.martina-dempf.de\/en\/italien-ii\/","title":{"rendered":"<a href=\"https:\/\/www.martina-dempf.de\/workshops\/\">Workshops<\/a><br><a href=\"https:\/\/www.martina-dempf.de\/south-africa-ii\/\">South Africa II<\/a><br><a href=\" https:\/\/www.martina-dempf.de\/kasachstan-iii\/\">Kazakhstan III<\/a><br><a href=\"https:\/\/www.martina-dempf.de\/idar-oberstein\/\">Idar-Oberstein<\/a><br>Italy II<br><a href=\"https:\/\/www.martina-dempf.de\/italy\/\">Italy<\/a><br><a href=\"https:\/\/www.martina-dempf.de\/kazachstan-ii\/\">Kazachstan II<\/a><br><a href=\"https:\/\/www.martina-dempf.de\/dubai\/\">Dubai<\/a><br><a href=\"https:\/\/www.martina-dempf.de\/borneo\/\">Borneo<\/a><br><a href=\"https:\/\/www.martina-dempf.de\/kasachstan\/\">Kazakhstan<\/a><br><a href=\"https:\/\/www.martina-dempf.de\/ghana\/\">Ghana<\/a><br><a href=\"https:\/\/www.martina-dempf.de\/ruanda\/\">Rwanda<\/a><br><a href=\"https:\/\/www.martina-dempf.de\/suedafrika\/\">South Africa<\/a><br><a href=\"https:\/\/www.martina-dempf.de\/kambodscha\/\">Cambodia<\/a><br><a href=\"https:\/\/www.martina-dempf.de\/laos\/\">Laos<\/a><br><a href=\"https:\/\/www.martina-dempf.de\/vietnam\/\">Vietnam<\/a><br><a href=\"https:\/\/www.martina-dempf.de\/nepal\/\">Nepal<\/a><br><a href=\"https:\/\/www.martina-dempf.de\/senegal\/\">Senegal<\/a><br><a  href=\"https:\/\/www.martina-dempf.de\/lehrauftraege\/\">Lectureship<\/a>"},"content":{"rendered":"<p>FLORENCE JEWELLERY WEEK 2017<br \/>\nWorkshop:<br \/>\nTouch Wood!<\/p>\n<p>Wood has ever been a source of inspiration for artists and has a long history in art practice, including jewellery. The versatility of wood and the way in which it can be transformed is almost unlimited.<\/p>\n<p>The workshop focused at researching and designing different ways of working wood into jewellery.<\/p>\n<p>By carving, cutting, sawing, burning, painting, polishing and combining wood with other material, the students explored its potential. Through a playful process of creativity, the participants transformed wood into exciting pieces of jewellery and objects.<\/p>\n<p><span style=\"font-size: 10pt;\"> To navigate on a PC or notebook, please use the forward and back arrows of the keyboard or the horizontal scroll bar. <\/span><\/p>\n<p><\/p>","protected":false},"excerpt":{"rendered":"<p>FLORENCE JEWELLERY WEEK 2017 Workshop: Touch Wood! Wood has ever been a source of inspiration for artists and has a long history in art practice, including jewellery. The versatility of wood and the way in which it can be transformed is almost unlimited. The workshop focused at researching and designing different ways of working wood [&hellip;]<\/p>\n","protected":false},"author":1,"featured_media":0,"parent":0,"menu_order":0,"comment_status":"closed","ping_status":"closed","template":"","meta":[],"yoast_head":"<!-- This site is optimized with the Yoast SEO plugin v20.3 - https:\/\/yoast.com\/wordpress\/plugins\/seo\/ -->\n<title>Workshop Florence Jewellery Week | MARTINA DEMPF<\/title>\n<meta name=\"robots\" content=\"index, follow, max-snippet:-1, max-image-preview:large, max-video-preview:-1\" \/>\n<link rel=\"canonical\" href=\"https:\/\/www.martina-dempf.de\/italien-ii\/\" \/>\n<meta property=\"og:locale\" content=\"en_US\" \/>\n<meta property=\"og:type\" content=\"article\" \/>\n<meta property=\"og:title\" content=\"[:de]Workshop Italien II | MARTINA DEMPF Schmuckdesign Berlin[:en]Workshop Florence Jewellery Week | MARTINA DEMPF[:]\" \/>\n<meta property=\"og:description\" content=\"FLORENCE JEWELLERY WEEK 2017 Workshop: Touch Wood! Wood has ever been a source of inspiration for artists and has a long history in art practice, including jewellery. The versatility of wood and the way in which it can be transformed is almost unlimited. The workshop focused at researching and designing different ways of working wood [&hellip;]\" \/>\n<meta property=\"og:url\" content=\"https:\/\/www.martina-dempf.de\/italien-ii\/\" \/>\n<meta property=\"og:site_name\" content=\"MARTINA DEMPF\" \/>\n<meta property=\"article:modified_time\" content=\"2023-02-27T18:34:03+00:00\" \/>\n<meta property=\"og:image\" content=\"https:\/\/www.martina-dempf.de\/wp-content\/uploads\/2017\/10\/Preziosa_Workshop-Dempf-07.jpg\" \/>\n<meta name=\"twitter:card\" content=\"summary_large_image\" \/>\n<meta name=\"twitter:label1\" content=\"Est. reading time\" \/>\n\t<meta name=\"twitter:data1\" content=\"2 minutes\" \/>\n<script type=\"application\/ld+json\" class=\"yoast-schema-graph\">{\"@context\":\"https:\/\/schema.org\",\"@graph\":[{\"@type\":\"WebPage\",\"@id\":\"https:\/\/www.martina-dempf.de\/italien-ii\/\",\"url\":\"https:\/\/www.martina-dempf.de\/italien-ii\/\",\"name\":\"[:de]Workshop Italien II | MARTINA DEMPF Schmuckdesign Berlin[:en]Workshop Florence Jewellery Week | MARTINA DEMPF[:]\",\"isPartOf\":{\"@id\":\"https:\/\/www.martina-dempf.de\/#website\"},\"datePublished\":\"2017-10-08T11:28:59+00:00\",\"dateModified\":\"2023-02-27T18:34:03+00:00\",\"breadcrumb\":{\"@id\":\"https:\/\/www.martina-dempf.de\/italien-ii\/#breadcrumb\"},\"inLanguage\":\"en-US\",\"potentialAction\":[{\"@type\":\"ReadAction\",\"target\":[\"https:\/\/www.martina-dempf.de\/italien-ii\/\"]}]},{\"@type\":\"BreadcrumbList\",\"@id\":\"https:\/\/www.martina-dempf.de\/italien-ii\/#breadcrumb\",\"itemListElement\":[{\"@type\":\"ListItem\",\"position\":1,\"name\":\"Startseite\",\"item\":\"https:\/\/www.martina-dempf.de\/\"},{\"@type\":\"ListItem\",\"position\":2,\"name\":\"WorkshopsS\u00fcdafrika IIKasachstan IIIIdar-ObersteinItalien IIItalienKasachstan IIDubaiBorneoKasachstanGhanaRuandaS\u00fcdafrikaKambodschaLaosVietnamNepalSenegalLehrauftr\u00e4ge\"}]},{\"@type\":\"WebSite\",\"@id\":\"https:\/\/www.martina-dempf.de\/#website\",\"url\":\"https:\/\/www.martina-dempf.de\/\",\"name\":\"MARTINA DEMPF\",\"description\":\"Schumuck Design \/ Jewellery Design\",\"potentialAction\":[{\"@type\":\"SearchAction\",\"target\":{\"@type\":\"EntryPoint\",\"urlTemplate\":\"https:\/\/www.martina-dempf.de\/?s={search_term_string}\"},\"query-input\":\"required name=search_term_string\"}],\"inLanguage\":\"en-US\"}]}<\/script>\n<!-- \/ Yoast SEO plugin. -->","yoast_head_json":{"title":"Workshop Florence Jewellery Week | MARTINA DEMPF","robots":{"index":"index","follow":"follow","max-snippet":"max-snippet:-1","max-image-preview":"max-image-preview:large","max-video-preview":"max-video-preview:-1"},"canonical":"https:\/\/www.martina-dempf.de\/italien-ii\/","og_locale":"en_US","og_type":"article","og_title":"[:de]Workshop Italien II | MARTINA DEMPF Schmuckdesign Berlin[:en]Workshop Florence Jewellery Week | MARTINA DEMPF[:]","og_description":"FLORENCE JEWELLERY WEEK 2017 Workshop: Touch Wood! Wood has ever been a source of inspiration for artists and has a long history in art practice, including jewellery. The versatility of wood and the way in which it can be transformed is almost unlimited. The workshop focused at researching and designing different ways of working wood [&hellip;]","og_url":"https:\/\/www.martina-dempf.de\/italien-ii\/","og_site_name":"MARTINA DEMPF","article_modified_time":"2023-02-27T18:34:03+00:00","og_image":[{"url":"https:\/\/www.martina-dempf.de\/wp-content\/uploads\/2017\/10\/Preziosa_Workshop-Dempf-07.jpg"}],"twitter_card":"summary_large_image","twitter_misc":{"Est. reading time":"2 minutes"},"schema":{"@context":"https:\/\/schema.org","@graph":[{"@type":"WebPage","@id":"https:\/\/www.martina-dempf.de\/italien-ii\/","url":"https:\/\/www.martina-dempf.de\/italien-ii\/","name":"[:de]Workshop Italien II | MARTINA DEMPF Schmuckdesign Berlin[:en]Workshop Florence Jewellery Week | MARTINA DEMPF[:]","isPartOf":{"@id":"https:\/\/www.martina-dempf.de\/#website"},"datePublished":"2017-10-08T11:28:59+00:00","dateModified":"2023-02-27T18:34:03+00:00","breadcrumb":{"@id":"https:\/\/www.martina-dempf.de\/italien-ii\/#breadcrumb"},"inLanguage":"en-US","potentialAction":[{"@type":"ReadAction","target":["https:\/\/www.martina-dempf.de\/italien-ii\/"]}]},{"@type":"BreadcrumbList","@id":"https:\/\/www.martina-dempf.de\/italien-ii\/#breadcrumb","itemListElement":[{"@type":"ListItem","position":1,"name":"Startseite","item":"https:\/\/www.martina-dempf.de\/"},{"@type":"ListItem","position":2,"name":"WorkshopsS\u00fcdafrika IIKasachstan IIIIdar-ObersteinItalien IIItalienKasachstan IIDubaiBorneoKasachstanGhanaRuandaS\u00fcdafrikaKambodschaLaosVietnamNepalSenegalLehrauftr\u00e4ge"}]},{"@type":"WebSite","@id":"https:\/\/www.martina-dempf.de\/#website","url":"https:\/\/www.martina-dempf.de\/","name":"MARTINA DEMPF","description":"Schumuck Design \/ Jewellery Design","potentialAction":[{"@type":"SearchAction","target":{"@type":"EntryPoint","urlTemplate":"https:\/\/www.martina-dempf.de\/?s={search_term_string}"},"query-input":"required name=search_term_string"}],"inLanguage":"en-US"}]}},"_links":{"self":[{"href":"https:\/\/www.martina-dempf.de\/en\/wp-json\/wp\/v2\/pages\/1686"}],"collection":[{"href":"https:\/\/www.martina-dempf.de\/en\/wp-json\/wp\/v2\/pages"}],"about":[{"href":"https:\/\/www.martina-dempf.de\/en\/wp-json\/wp\/v2\/types\/page"}],"author":[{"embeddable":true,"href":"https:\/\/www.martina-dempf.de\/en\/wp-json\/wp\/v2\/users\/1"}],"replies":[{"embeddable":true,"href":"https:\/\/www.martina-dempf.de\/en\/wp-json\/wp\/v2\/comments?post=1686"}],"version-history":[{"count":12,"href":"https:\/\/www.martina-dempf.de\/en\/wp-json\/wp\/v2\/pages\/1686\/revisions"}],"predecessor-version":[{"id":2532,"href":"https:\/\/www.martina-dempf.de\/en\/wp-json\/wp\/v2\/pages\/1686\/revisions\/2532"}],"wp:attachment":[{"href":"https:\/\/www.martina-dempf.de\/en\/wp-json\/wp\/v2\/media?parent=1686"}],"curies":[{"name":"wp","href":"https:\/\/api.w.org\/{rel}","templated":true}]}}