{"id":256,"date":"2016-06-22T15:47:20","date_gmt":"2016-06-22T13:47:20","guid":{"rendered":"http:\/\/www.martina-dempf.de\/?p=256"},"modified":"2025-11-07T11:36:15","modified_gmt":"2025-11-07T10:36:15","slug":"emotionen","status":"publish","type":"page","link":"https:\/\/www.martina-dempf.de\/en\/emotionen\/","title":{"rendered":"<a href=\"https:\/\/www.martina-dempf.de\/schmuck-kunst\/\">Jewellery Art<\/a><br><a href=\"https:\/\/www.martina-dempf.de\/ur-zeit-sprung\/\">Time Leap<\/a><br><a href=\"https:\/\/www.martina-dempf.de\/uebergaenge\/\">In Transition<\/a><br><a href=\"https:\/\/www.martina-dempf.de\/hybride\/\">Hybrids<\/a><br>Emotions<br><a href=\"https:\/\/www.martina-dempf.de\/kokons\/\">Cocoons<\/a><br><a href=\"https:\/\/www.martina-dempf.de\/objekte\/\">Objects<\/a><br><a href=\"https:\/\/www.martina-dempf.de\/gewebe\/\">Weavings<\/a><br><a href=\"https:\/\/www.martina-dempf.de\/orient-okzident\/\">Orient+Occident<\/a><br><a href=\"https:\/\/www.martina-dempf.de\/inspiration-sinai\/\">Inspiration Sinai<\/a><br><a href=\"https:\/\/www.martina-dempf.de\/residency-nirox-art-2\/\">Residency Nirox Art<\/a>"},"content":{"rendered":"<p>I used found objects, a collection of rare woods and other naturally-grown materials like coral and pearls in combination with metal in order to create objects reflecting tragedy and happiness.<\/p>\n<p>\u201cThe Argonauts\u201d are stranded in the desert without water, a human being is trying to \u201cRun Away\u201d or bursts into a \u201cCry\u201d. Endless wars in the Middle East destroyed cities, made people homeless and killed so many.<\/p>\n<p><span style=\"font-size: 10pt;\"> To navigate on a PC or notebook, please use the forward and back arrows of the keyboard or the horizontal scroll bar. <\/span><\/p>\n<p><\/p>","protected":false},"excerpt":{"rendered":"<p>I used found objects, a collection of rare woods and other naturally-grown materials like coral and pearls in combination with metal in order to create objects reflecting tragedy and happiness. \u201cThe Argonauts\u201d are stranded in the desert without water, a human being is trying to \u201cRun Away\u201d or bursts into a \u201cCry\u201d. Endless wars in [&hellip;]<\/p>\n","protected":false},"author":1,"featured_media":0,"parent":0,"menu_order":0,"comment_status":"closed","ping_status":"closed","template":"","meta":[],"yoast_head":"<!-- This site is optimized with the Yoast SEO plugin v20.3 - https:\/\/yoast.com\/wordpress\/plugins\/seo\/ -->\n<title>Emotionen | MARTINA DEMPF Schmuckdesign Berlin<\/title>\n<meta name=\"description\" content=\"Collagen aus Fundst\u00fccken, Holz, Perlen, Korallen und Metall werden zu Schmuckobjekten, die Gef\u00fchle wie Gl\u00fcck oder Trauer widerspiegeln.\" \/>\n<meta name=\"robots\" content=\"index, follow, max-snippet:-1, max-image-preview:large, max-video-preview:-1\" \/>\n<link rel=\"canonical\" href=\"https:\/\/www.martina-dempf.de\/emotionen\/\" \/>\n<meta property=\"og:locale\" content=\"en_US\" \/>\n<meta property=\"og:type\" content=\"article\" \/>\n<meta property=\"og:title\" content=\"[:de]Emotionen | MARTINA DEMPF Schmuckdesign Berlin[:]\" \/>\n<meta property=\"og:description\" content=\"{:de}Collagen aus Fundst\u00fccken, Holz, Perlen, Korallen und Metall werden zu Schmuckobjekten, die Gef\u00fchle wie Gl\u00fcck oder Trauer widerspiegeln.{:}\" \/>\n<meta property=\"og:url\" content=\"https:\/\/www.martina-dempf.de\/emotionen\/\" \/>\n<meta property=\"og:site_name\" content=\"MARTINA DEMPF\" \/>\n<meta property=\"article:modified_time\" content=\"2025-11-07T10:36:15+00:00\" \/>\n<meta property=\"og:image\" content=\"https:\/\/www.martina-dempf.de\/wp-content\/uploads\/2016\/05\/Martina-Dempf_Mask-top-a-150x150.jpg\" \/>\n<meta name=\"twitter:card\" content=\"summary_large_image\" \/>\n<meta name=\"twitter:label1\" content=\"Est. reading time\" \/>\n\t<meta name=\"twitter:data1\" content=\"1 minute\" \/>\n<script type=\"application\/ld+json\" class=\"yoast-schema-graph\">{\"@context\":\"https:\/\/schema.org\",\"@graph\":[{\"@type\":\"WebPage\",\"@id\":\"https:\/\/www.martina-dempf.de\/emotionen\/\",\"url\":\"https:\/\/www.martina-dempf.de\/emotionen\/\",\"name\":\"[:de]Emotionen | MARTINA DEMPF Schmuckdesign Berlin[:]\",\"isPartOf\":{\"@id\":\"https:\/\/www.martina-dempf.de\/#website\"},\"datePublished\":\"2016-06-22T13:47:20+00:00\",\"dateModified\":\"2025-11-07T10:36:15+00:00\",\"description\":\"{:de}Collagen aus Fundst\u00fccken, Holz, Perlen, Korallen und Metall werden zu Schmuckobjekten, die Gef\u00fchle wie Gl\u00fcck oder Trauer widerspiegeln.{:}\",\"breadcrumb\":{\"@id\":\"https:\/\/www.martina-dempf.de\/emotionen\/#breadcrumb\"},\"inLanguage\":\"en-US\",\"potentialAction\":[{\"@type\":\"ReadAction\",\"target\":[\"https:\/\/www.martina-dempf.de\/emotionen\/\"]}]},{\"@type\":\"BreadcrumbList\",\"@id\":\"https:\/\/www.martina-dempf.de\/emotionen\/#breadcrumb\",\"itemListElement\":[{\"@type\":\"ListItem\",\"position\":1,\"name\":\"Startseite\",\"item\":\"https:\/\/www.martina-dempf.de\/\"},{\"@type\":\"ListItem\",\"position\":2,\"name\":\"Schmuck-KunstUr-Zeit-SprungIn TransitionHybrideEmotionenKokonsObjekteGewebeOrient+OkzidentInspiration SinaiResidency Nirox Art\"}]},{\"@type\":\"WebSite\",\"@id\":\"https:\/\/www.martina-dempf.de\/#website\",\"url\":\"https:\/\/www.martina-dempf.de\/\",\"name\":\"MARTINA DEMPF\",\"description\":\"Schumuck Design \/ Jewellery Design\",\"potentialAction\":[{\"@type\":\"SearchAction\",\"target\":{\"@type\":\"EntryPoint\",\"urlTemplate\":\"https:\/\/www.martina-dempf.de\/?s={search_term_string}\"},\"query-input\":\"required name=search_term_string\"}],\"inLanguage\":\"en-US\"}]}<\/script>\n<!-- \/ Yoast SEO plugin. -->","yoast_head_json":{"title":"Emotionen | MARTINA DEMPF Schmuckdesign Berlin","description":"Collagen aus Fundst\u00fccken, Holz, Perlen, Korallen und Metall werden zu Schmuckobjekten, die Gef\u00fchle wie Gl\u00fcck oder Trauer widerspiegeln.","robots":{"index":"index","follow":"follow","max-snippet":"max-snippet:-1","max-image-preview":"max-image-preview:large","max-video-preview":"max-video-preview:-1"},"canonical":"https:\/\/www.martina-dempf.de\/emotionen\/","og_locale":"en_US","og_type":"article","og_title":"[:de]Emotionen | MARTINA DEMPF Schmuckdesign Berlin[:]","og_description":"{:de}Collagen aus Fundst\u00fccken, Holz, Perlen, Korallen und Metall werden zu Schmuckobjekten, die Gef\u00fchle wie Gl\u00fcck oder Trauer widerspiegeln.{:}","og_url":"https:\/\/www.martina-dempf.de\/emotionen\/","og_site_name":"MARTINA DEMPF","article_modified_time":"2025-11-07T10:36:15+00:00","og_image":[{"url":"https:\/\/www.martina-dempf.de\/wp-content\/uploads\/2016\/05\/Martina-Dempf_Mask-top-a-150x150.jpg"}],"twitter_card":"summary_large_image","twitter_misc":{"Est. reading time":"1 minute"},"schema":{"@context":"https:\/\/schema.org","@graph":[{"@type":"WebPage","@id":"https:\/\/www.martina-dempf.de\/emotionen\/","url":"https:\/\/www.martina-dempf.de\/emotionen\/","name":"[:de]Emotionen | MARTINA DEMPF Schmuckdesign Berlin[:]","isPartOf":{"@id":"https:\/\/www.martina-dempf.de\/#website"},"datePublished":"2016-06-22T13:47:20+00:00","dateModified":"2025-11-07T10:36:15+00:00","description":"{:de}Collagen aus Fundst\u00fccken, Holz, Perlen, Korallen und Metall werden zu Schmuckobjekten, die Gef\u00fchle wie Gl\u00fcck oder Trauer widerspiegeln.{:}","breadcrumb":{"@id":"https:\/\/www.martina-dempf.de\/emotionen\/#breadcrumb"},"inLanguage":"en-US","potentialAction":[{"@type":"ReadAction","target":["https:\/\/www.martina-dempf.de\/emotionen\/"]}]},{"@type":"BreadcrumbList","@id":"https:\/\/www.martina-dempf.de\/emotionen\/#breadcrumb","itemListElement":[{"@type":"ListItem","position":1,"name":"Startseite","item":"https:\/\/www.martina-dempf.de\/"},{"@type":"ListItem","position":2,"name":"Schmuck-KunstUr-Zeit-SprungIn TransitionHybrideEmotionenKokonsObjekteGewebeOrient+OkzidentInspiration SinaiResidency Nirox Art"}]},{"@type":"WebSite","@id":"https:\/\/www.martina-dempf.de\/#website","url":"https:\/\/www.martina-dempf.de\/","name":"MARTINA DEMPF","description":"Schumuck Design \/ Jewellery Design","potentialAction":[{"@type":"SearchAction","target":{"@type":"EntryPoint","urlTemplate":"https:\/\/www.martina-dempf.de\/?s={search_term_string}"},"query-input":"required name=search_term_string"}],"inLanguage":"en-US"}]}},"_links":{"self":[{"href":"https:\/\/www.martina-dempf.de\/en\/wp-json\/wp\/v2\/pages\/256"}],"collection":[{"href":"https:\/\/www.martina-dempf.de\/en\/wp-json\/wp\/v2\/pages"}],"about":[{"href":"https:\/\/www.martina-dempf.de\/en\/wp-json\/wp\/v2\/types\/page"}],"author":[{"embeddable":true,"href":"https:\/\/www.martina-dempf.de\/en\/wp-json\/wp\/v2\/users\/1"}],"replies":[{"embeddable":true,"href":"https:\/\/www.martina-dempf.de\/en\/wp-json\/wp\/v2\/comments?post=256"}],"version-history":[{"count":29,"href":"https:\/\/www.martina-dempf.de\/en\/wp-json\/wp\/v2\/pages\/256\/revisions"}],"predecessor-version":[{"id":2765,"href":"https:\/\/www.martina-dempf.de\/en\/wp-json\/wp\/v2\/pages\/256\/revisions\/2765"}],"wp:attachment":[{"href":"https:\/\/www.martina-dempf.de\/en\/wp-json\/wp\/v2\/media?parent=256"}],"curies":[{"name":"wp","href":"https:\/\/api.w.org\/{rel}","templated":true}]}}