{"id":2595,"date":"2024-05-11T12:59:16","date_gmt":"2024-05-11T10:59:16","guid":{"rendered":"https:\/\/www.martina-dempf.de\/?page_id=2595"},"modified":"2025-07-04T18:52:42","modified_gmt":"2025-07-04T16:52:42","slug":"proudly-african","status":"publish","type":"page","link":"https:\/\/www.martina-dempf.de\/en\/proudly-african\/","title":{"rendered":"<a href=\"https:\/\/www.martina-dempf.de\/ausstellungen\/\">Ausstellungen<\/a><br><a href=\"https:\/\/www.martina-dempf.de\/remise-im-iba-hof\/\">Remise im IBA-Hof<\/a><br><a href=\"https:\/\/www.martina-dempf.de\/internationale-ausstellungen\/\">Internationale Ausstellungen<\/a><br>Proudly African<br><a href=\"https:\/\/www.martina-dempf.de\/slowcraft\/\">Slowcraft<\/a><br><a href=\"https:\/\/www.martina-dempf.de\/weltsprache-schmuck\/\">Weltsprache Schmuck<\/a><br><a href=\"https:\/\/www.martina-dempf.de\/villa-legodi\/\">Villa Legodi<\/a><br><a href=\"https:\/\/www.martina-dempf.de\/the-photos\/\">Villa Legodi \u2013 Photographs<\/a>"},"content":{"rendered":"<p><\/p>\n<div dir=\"auto\">\n<p>Proudly African &#8211; Jewellery Affairs<\/p>\n<p>Foundation Villa Bengel Idar-Oberstein<br \/>\n11 June &#8211; 6 Aug 2021<br \/>\nGerman Goldsmiths&#8217; House Hanau<br \/>\n2 Sept &#8211; 24 Oct 2021<\/p>\n<p>The exhibition curated by Martina Dempf showed works by jewellery artists from various regions of Africa. The extraordinary cultural diversity of the continent was reflected in exemplary fashion. Masterpieces of contemporary and ethnic jewellery art illustrate the simultaneity of tradition and modernity.<\/p>\n<p>The pieces of jewellery are part of a collection that Martina Dempf has amassed over the last four decades. In addition, her own creations were shown, as well as works by European jewellery artists that are inspired by the cultural diversity of Africa and reflect this in a special way.<\/p>\n<p><iframe loading=\"lazy\" width=\"384\" height=\"682\" src=\"https:\/\/www.youtube.com\/embed\/XiuGaKgR3Oc\" title=\"Proudly African\" frameborder=\"0\" allow=\"accelerometer; autoplay; clipboard-write; encrypted-media; gyroscope; picture-in-picture; web-share\" referrerpolicy=\"strict-origin-when-cross-origin\" allowfullscreen><\/iframe><\/p>\n<p><iframe loading=\"lazy\" width=\"379\" height=\"225\" src=\"https:\/\/www.youtube.com\/embed\/0uECMjOa0qI\" title=\"Proudly African - Jewellery Affairs\" frameborder=\"0\" allow=\"accelerometer; autoplay; clipboard-write; encrypted-media; gyroscope; picture-in-picture; web-share\" referrerpolicy=\"strict-origin-when-cross-origin\" allowfullscreen><\/iframe><\/p>\n<p>The exhibition was organised in cooperation with the Bengel Foundation of the city of Idar-Oberstein and Prof. Theo Smeets, Trier University of Applied Sciences, Campus Idar-Oberstein.<\/p>\n<p>A catalogue has been published to accompany the exhibition, available as a pdf for a nominal fee of 5 euros.<\/p>\n<\/div>\n<div dir=\"auto\"><a href=\"https:\/\/www.hochschule-trier.de\/en\/campus-for-design-and-art\/dept-of-gemstones-and-jewellery\/made-in-io\/idar-oberstein-adorned\/proudly-african\">&gt; Hochschule Trier<\/a><\/div>\n<p><\/p>","protected":false},"excerpt":{"rendered":"<p>Proudly African &#8211; Jewellery Affairs Foundation Villa Bengel Idar-Oberstein 11 June &#8211; 6 Aug 2021 German Goldsmiths&#8217; House Hanau 2 Sept &#8211; 24 Oct 2021 The exhibition curated by Martina Dempf showed works by jewellery artists from various regions of Africa. The extraordinary cultural diversity of the continent was reflected in exemplary fashion. Masterpieces of [&hellip;]<\/p>\n","protected":false},"author":1,"featured_media":0,"parent":0,"menu_order":0,"comment_status":"closed","ping_status":"closed","template":"","meta":[],"yoast_head":"<!-- This site is optimized with the Yoast SEO plugin v20.3 - https:\/\/yoast.com\/wordpress\/plugins\/seo\/ -->\n<title>Proudly African | MARTINA DEMPF Schmuckdesign Berlin<\/title>\n<meta name=\"description\" content=\"Werke von Schmuckk\u00fcnstlerinnen und -k\u00fcnstlern aus verschiedenen Regionen Afrikas. Meisterst\u00fccke zeitgen\u00f6ssischer und ethnischer Schmuckkunst verdeutlichen die Gleichzeitigkeit von Tradition und Moderne.\" \/>\n<meta name=\"robots\" content=\"index, follow, max-snippet:-1, max-image-preview:large, max-video-preview:-1\" \/>\n<link rel=\"canonical\" href=\"https:\/\/www.martina-dempf.de\/proudly-african\/\" \/>\n<meta property=\"og:locale\" content=\"en_US\" \/>\n<meta property=\"og:type\" content=\"article\" \/>\n<meta property=\"og:title\" content=\"[:de] Proudly African | MARTINA DEMPF Schmuckdesign Berlin[:]\" \/>\n<meta property=\"og:description\" content=\"{:de}Werke von Schmuckk\u00fcnstlerinnen und -k\u00fcnstlern aus verschiedenen Regionen Afrikas. Meisterst\u00fccke zeitgen\u00f6ssischer und ethnischer Schmuckkunst verdeutlichen die Gleichzeitigkeit von Tradition und Moderne. {:}\" \/>\n<meta property=\"og:url\" content=\"https:\/\/www.martina-dempf.de\/proudly-african\/\" \/>\n<meta property=\"og:site_name\" content=\"MARTINA DEMPF\" \/>\n<meta property=\"article:modified_time\" content=\"2025-07-04T16:52:42+00:00\" \/>\n<meta property=\"og:image\" content=\"https:\/\/www.martina-dempf.de\/wp-content\/uploads\/2024\/05\/Einladung-b-150x150.jpg\" \/>\n<meta name=\"twitter:card\" content=\"summary_large_image\" \/>\n<meta name=\"twitter:label1\" content=\"Est. reading time\" \/>\n\t<meta name=\"twitter:data1\" content=\"2 minutes\" \/>\n<script type=\"application\/ld+json\" class=\"yoast-schema-graph\">{\"@context\":\"https:\/\/schema.org\",\"@graph\":[{\"@type\":\"WebPage\",\"@id\":\"https:\/\/www.martina-dempf.de\/proudly-african\/\",\"url\":\"https:\/\/www.martina-dempf.de\/proudly-african\/\",\"name\":\"[:de] Proudly African | MARTINA DEMPF Schmuckdesign Berlin[:]\",\"isPartOf\":{\"@id\":\"https:\/\/www.martina-dempf.de\/#website\"},\"datePublished\":\"2024-05-11T10:59:16+00:00\",\"dateModified\":\"2025-07-04T16:52:42+00:00\",\"description\":\"{:de}Werke von Schmuckk\u00fcnstlerinnen und -k\u00fcnstlern aus verschiedenen Regionen Afrikas. Meisterst\u00fccke zeitgen\u00f6ssischer und ethnischer Schmuckkunst verdeutlichen die Gleichzeitigkeit von Tradition und Moderne. {:}\",\"breadcrumb\":{\"@id\":\"https:\/\/www.martina-dempf.de\/proudly-african\/#breadcrumb\"},\"inLanguage\":\"en-US\",\"potentialAction\":[{\"@type\":\"ReadAction\",\"target\":[\"https:\/\/www.martina-dempf.de\/proudly-african\/\"]}]},{\"@type\":\"BreadcrumbList\",\"@id\":\"https:\/\/www.martina-dempf.de\/proudly-african\/#breadcrumb\",\"itemListElement\":[{\"@type\":\"ListItem\",\"position\":1,\"name\":\"Startseite\",\"item\":\"https:\/\/www.martina-dempf.de\/\"},{\"@type\":\"ListItem\",\"position\":2,\"name\":\"AusstellungenRemise im IBA-HofInternationale AusstellungenProudly AfricanSlowcraftWeltsprache SchmuckVilla LegodiVilla Legodi \u2013 Photographs\"}]},{\"@type\":\"WebSite\",\"@id\":\"https:\/\/www.martina-dempf.de\/#website\",\"url\":\"https:\/\/www.martina-dempf.de\/\",\"name\":\"MARTINA DEMPF\",\"description\":\"Schumuck Design \/ Jewellery Design\",\"potentialAction\":[{\"@type\":\"SearchAction\",\"target\":{\"@type\":\"EntryPoint\",\"urlTemplate\":\"https:\/\/www.martina-dempf.de\/?s={search_term_string}\"},\"query-input\":\"required name=search_term_string\"}],\"inLanguage\":\"en-US\"}]}<\/script>\n<!-- \/ Yoast SEO plugin. -->","yoast_head_json":{"title":"Proudly African | MARTINA DEMPF Schmuckdesign Berlin","description":"Werke von Schmuckk\u00fcnstlerinnen und -k\u00fcnstlern aus verschiedenen Regionen Afrikas. Meisterst\u00fccke zeitgen\u00f6ssischer und ethnischer Schmuckkunst verdeutlichen die Gleichzeitigkeit von Tradition und Moderne.","robots":{"index":"index","follow":"follow","max-snippet":"max-snippet:-1","max-image-preview":"max-image-preview:large","max-video-preview":"max-video-preview:-1"},"canonical":"https:\/\/www.martina-dempf.de\/proudly-african\/","og_locale":"en_US","og_type":"article","og_title":"[:de] Proudly African | MARTINA DEMPF Schmuckdesign Berlin[:]","og_description":"{:de}Werke von Schmuckk\u00fcnstlerinnen und -k\u00fcnstlern aus verschiedenen Regionen Afrikas. Meisterst\u00fccke zeitgen\u00f6ssischer und ethnischer Schmuckkunst verdeutlichen die Gleichzeitigkeit von Tradition und Moderne. {:}","og_url":"https:\/\/www.martina-dempf.de\/proudly-african\/","og_site_name":"MARTINA DEMPF","article_modified_time":"2025-07-04T16:52:42+00:00","og_image":[{"url":"https:\/\/www.martina-dempf.de\/wp-content\/uploads\/2024\/05\/Einladung-b-150x150.jpg"}],"twitter_card":"summary_large_image","twitter_misc":{"Est. reading time":"2 minutes"},"schema":{"@context":"https:\/\/schema.org","@graph":[{"@type":"WebPage","@id":"https:\/\/www.martina-dempf.de\/proudly-african\/","url":"https:\/\/www.martina-dempf.de\/proudly-african\/","name":"[:de] Proudly African | MARTINA DEMPF Schmuckdesign Berlin[:]","isPartOf":{"@id":"https:\/\/www.martina-dempf.de\/#website"},"datePublished":"2024-05-11T10:59:16+00:00","dateModified":"2025-07-04T16:52:42+00:00","description":"{:de}Werke von Schmuckk\u00fcnstlerinnen und -k\u00fcnstlern aus verschiedenen Regionen Afrikas. Meisterst\u00fccke zeitgen\u00f6ssischer und ethnischer Schmuckkunst verdeutlichen die Gleichzeitigkeit von Tradition und Moderne. {:}","breadcrumb":{"@id":"https:\/\/www.martina-dempf.de\/proudly-african\/#breadcrumb"},"inLanguage":"en-US","potentialAction":[{"@type":"ReadAction","target":["https:\/\/www.martina-dempf.de\/proudly-african\/"]}]},{"@type":"BreadcrumbList","@id":"https:\/\/www.martina-dempf.de\/proudly-african\/#breadcrumb","itemListElement":[{"@type":"ListItem","position":1,"name":"Startseite","item":"https:\/\/www.martina-dempf.de\/"},{"@type":"ListItem","position":2,"name":"AusstellungenRemise im IBA-HofInternationale AusstellungenProudly AfricanSlowcraftWeltsprache SchmuckVilla LegodiVilla Legodi \u2013 Photographs"}]},{"@type":"WebSite","@id":"https:\/\/www.martina-dempf.de\/#website","url":"https:\/\/www.martina-dempf.de\/","name":"MARTINA DEMPF","description":"Schumuck Design \/ Jewellery Design","potentialAction":[{"@type":"SearchAction","target":{"@type":"EntryPoint","urlTemplate":"https:\/\/www.martina-dempf.de\/?s={search_term_string}"},"query-input":"required name=search_term_string"}],"inLanguage":"en-US"}]}},"_links":{"self":[{"href":"https:\/\/www.martina-dempf.de\/en\/wp-json\/wp\/v2\/pages\/2595"}],"collection":[{"href":"https:\/\/www.martina-dempf.de\/en\/wp-json\/wp\/v2\/pages"}],"about":[{"href":"https:\/\/www.martina-dempf.de\/en\/wp-json\/wp\/v2\/types\/page"}],"author":[{"embeddable":true,"href":"https:\/\/www.martina-dempf.de\/en\/wp-json\/wp\/v2\/users\/1"}],"replies":[{"embeddable":true,"href":"https:\/\/www.martina-dempf.de\/en\/wp-json\/wp\/v2\/comments?post=2595"}],"version-history":[{"count":33,"href":"https:\/\/www.martina-dempf.de\/en\/wp-json\/wp\/v2\/pages\/2595\/revisions"}],"predecessor-version":[{"id":2846,"href":"https:\/\/www.martina-dempf.de\/en\/wp-json\/wp\/v2\/pages\/2595\/revisions\/2846"}],"wp:attachment":[{"href":"https:\/\/www.martina-dempf.de\/en\/wp-json\/wp\/v2\/media?parent=2595"}],"curies":[{"name":"wp","href":"https:\/\/api.w.org\/{rel}","templated":true}]}}