{"id":634,"date":"2016-07-06T10:07:55","date_gmt":"2016-07-06T08:07:55","guid":{"rendered":"http:\/\/www.martina-dempf.de\/?p=634"},"modified":"2023-02-27T19:49:49","modified_gmt":"2023-02-27T18:49:49","slug":"ruanda","status":"publish","type":"page","link":"https:\/\/www.martina-dempf.de\/en\/ruanda\/","title":{"rendered":"<a href=\"https:\/\/www.martina-dempf.de\/workshops\/\">Workshops<\/a><br><a href=\"https:\/\/www.martina-dempf.de\/south-africa-ii\/\">South Africa II<\/a><br><a href=\" https:\/\/www.martina-dempf.de\/kasachstan-iii\/\">Kazakhstan III<\/a><br><a href=\"https:\/\/www.martina-dempf.de\/idar-oberstein\/\">Idar-Oberstein<\/a><br><a href=\"https:\/\/www.martina-dempf.de\/italien-ii\/\">Italy II<\/a><br><a href=\"https:\/\/www.martina-dempf.de\/italy\/\">Italy<\/a><br><a href=\"https:\/\/www.martina-dempf.de\/kazachstan-ii\/\">Kazachstan II<\/a><br><a href=\"https:\/\/www.martina-dempf.de\/dubai\/\">Dubai<\/a><br><a href=\"https:\/\/www.martina-dempf.de\/borneo\/\">Borneo<\/a><br><a href=\"https:\/\/www.martina-dempf.de\/kasachstan\/\">Kazakhstan<\/a><br><a href=\"https:\/\/www.martina-dempf.de\/ghana\/\">Ghana<\/a><br>Rwanda<br><a href=\"https:\/\/www.martina-dempf.de\/suedafrika\/\">South Africa<\/a><br><a href=\"https:\/\/www.martina-dempf.de\/kambodscha\/\">Cambodia<\/a><br><a href=\"https:\/\/www.martina-dempf.de\/laos\/\">Laos<\/a><br><a href=\"https:\/\/www.martina-dempf.de\/vietnam\/\">Vietnam<\/a><br><a href=\"https:\/\/www.martina-dempf.de\/nepal\/\">Nepal<\/a><br><a href=\"https:\/\/www.martina-dempf.de\/senegal\/\">Senegal<\/a><br><a  href=\"https:\/\/www.martina-dempf.de\/lehrauftraege\/\">Lectureship<\/a>"},"content":{"rendered":"<p>Partnership project<br \/>\nRwanda \u2013 Germany<\/p>\n<p>Rwanda Art is a union of handicraft cooperatives with the purpose to promote the export of handicraft.\u00a0I conducted a workshop in Butare, 2007 in co-operation with GIZ.<\/p>\n<p>The here presented products are teamwork of members of Rwanda Art and produced under the guidance of Louise-Gerard Umugiranza.<\/p>\n<p><span style=\"font-size: 10pt;\"> To navigate on a PC or notebook, please use the forward and back arrows of the keyboard or the horizontal scroll bar. <\/span ><\/p>\n<p><\/p>","protected":false},"excerpt":{"rendered":"<p>Partnership project Rwanda \u2013 Germany Rwanda Art is a union of handicraft cooperatives with the purpose to promote the export of handicraft.\u00a0I conducted a workshop in Butare, 2007 in co-operation with GIZ. The here presented products are teamwork of members of Rwanda Art and produced under the guidance of Louise-Gerard Umugiranza. To navigate on a [&hellip;]<\/p>\n","protected":false},"author":1,"featured_media":0,"parent":0,"menu_order":0,"comment_status":"closed","ping_status":"closed","template":"","meta":[],"yoast_head":"<!-- This site is optimized with the Yoast SEO plugin v20.3 - https:\/\/yoast.com\/wordpress\/plugins\/seo\/ -->\n<title>Workshops Ruanda | MARTINA DEMPF Schmuckdesign Berlin<\/title>\n<meta name=\"description\" content=\"Bilder von Workshops von Martina Dempf in Ruanda. Entwicklung von neuen Motiven und Formen.\" \/>\n<meta name=\"robots\" content=\"index, follow, max-snippet:-1, max-image-preview:large, max-video-preview:-1\" \/>\n<link rel=\"canonical\" href=\"https:\/\/www.martina-dempf.de\/ruanda\/\" \/>\n<meta property=\"og:locale\" content=\"en_US\" \/>\n<meta property=\"og:type\" content=\"article\" \/>\n<meta property=\"og:title\" content=\"[:de]Workshops Ruanda | MARTINA DEMPF Schmuckdesign Berlin[:]\" \/>\n<meta property=\"og:description\" content=\"{:de}Bilder von Workshops von Martina Dempf in Ruanda. Entwicklung von neuen Motiven und Formen.{:}\" \/>\n<meta property=\"og:url\" content=\"https:\/\/www.martina-dempf.de\/ruanda\/\" \/>\n<meta property=\"og:site_name\" content=\"MARTINA DEMPF\" \/>\n<meta property=\"article:modified_time\" content=\"2023-02-27T18:49:49+00:00\" \/>\n<meta property=\"og:image\" content=\"https:\/\/www.martina-dempf.de\/wp-content\/uploads\/2016\/07\/025239-150x150.jpg\" \/>\n<meta name=\"twitter:card\" content=\"summary_large_image\" \/>\n<meta name=\"twitter:label1\" content=\"Est. reading time\" \/>\n\t<meta name=\"twitter:data1\" content=\"1 minute\" \/>\n<script type=\"application\/ld+json\" class=\"yoast-schema-graph\">{\"@context\":\"https:\/\/schema.org\",\"@graph\":[{\"@type\":\"WebPage\",\"@id\":\"https:\/\/www.martina-dempf.de\/ruanda\/\",\"url\":\"https:\/\/www.martina-dempf.de\/ruanda\/\",\"name\":\"[:de]Workshops Ruanda | MARTINA DEMPF Schmuckdesign Berlin[:]\",\"isPartOf\":{\"@id\":\"https:\/\/www.martina-dempf.de\/#website\"},\"datePublished\":\"2016-07-06T08:07:55+00:00\",\"dateModified\":\"2023-02-27T18:49:49+00:00\",\"description\":\"{:de}Bilder von Workshops von Martina Dempf in Ruanda. Entwicklung von neuen Motiven und Formen.{:}\",\"breadcrumb\":{\"@id\":\"https:\/\/www.martina-dempf.de\/ruanda\/#breadcrumb\"},\"inLanguage\":\"en-US\",\"potentialAction\":[{\"@type\":\"ReadAction\",\"target\":[\"https:\/\/www.martina-dempf.de\/ruanda\/\"]}]},{\"@type\":\"BreadcrumbList\",\"@id\":\"https:\/\/www.martina-dempf.de\/ruanda\/#breadcrumb\",\"itemListElement\":[{\"@type\":\"ListItem\",\"position\":1,\"name\":\"Startseite\",\"item\":\"https:\/\/www.martina-dempf.de\/\"},{\"@type\":\"ListItem\",\"position\":2,\"name\":\"WorkshopsS\u00fcdafrika IIKasachstan IIIIdar-ObersteinItalien IIItalienKasachstan IIDubaiBorneoKasachstanGhanaRuandaS\u00fcdafrikaKambodschaLaosVietnamNepalSenegalLehrauftr\u00e4ge\"}]},{\"@type\":\"WebSite\",\"@id\":\"https:\/\/www.martina-dempf.de\/#website\",\"url\":\"https:\/\/www.martina-dempf.de\/\",\"name\":\"MARTINA DEMPF\",\"description\":\"Schumuck Design \/ Jewellery Design\",\"potentialAction\":[{\"@type\":\"SearchAction\",\"target\":{\"@type\":\"EntryPoint\",\"urlTemplate\":\"https:\/\/www.martina-dempf.de\/?s={search_term_string}\"},\"query-input\":\"required name=search_term_string\"}],\"inLanguage\":\"en-US\"}]}<\/script>\n<!-- \/ Yoast SEO plugin. -->","yoast_head_json":{"title":"Workshops Ruanda | MARTINA DEMPF Schmuckdesign Berlin","description":"Bilder von Workshops von Martina Dempf in Ruanda. Entwicklung von neuen Motiven und Formen.","robots":{"index":"index","follow":"follow","max-snippet":"max-snippet:-1","max-image-preview":"max-image-preview:large","max-video-preview":"max-video-preview:-1"},"canonical":"https:\/\/www.martina-dempf.de\/ruanda\/","og_locale":"en_US","og_type":"article","og_title":"[:de]Workshops Ruanda | MARTINA DEMPF Schmuckdesign Berlin[:]","og_description":"{:de}Bilder von Workshops von Martina Dempf in Ruanda. Entwicklung von neuen Motiven und Formen.{:}","og_url":"https:\/\/www.martina-dempf.de\/ruanda\/","og_site_name":"MARTINA DEMPF","article_modified_time":"2023-02-27T18:49:49+00:00","og_image":[{"url":"https:\/\/www.martina-dempf.de\/wp-content\/uploads\/2016\/07\/025239-150x150.jpg"}],"twitter_card":"summary_large_image","twitter_misc":{"Est. reading time":"1 minute"},"schema":{"@context":"https:\/\/schema.org","@graph":[{"@type":"WebPage","@id":"https:\/\/www.martina-dempf.de\/ruanda\/","url":"https:\/\/www.martina-dempf.de\/ruanda\/","name":"[:de]Workshops Ruanda | MARTINA DEMPF Schmuckdesign Berlin[:]","isPartOf":{"@id":"https:\/\/www.martina-dempf.de\/#website"},"datePublished":"2016-07-06T08:07:55+00:00","dateModified":"2023-02-27T18:49:49+00:00","description":"{:de}Bilder von Workshops von Martina Dempf in Ruanda. Entwicklung von neuen Motiven und Formen.{:}","breadcrumb":{"@id":"https:\/\/www.martina-dempf.de\/ruanda\/#breadcrumb"},"inLanguage":"en-US","potentialAction":[{"@type":"ReadAction","target":["https:\/\/www.martina-dempf.de\/ruanda\/"]}]},{"@type":"BreadcrumbList","@id":"https:\/\/www.martina-dempf.de\/ruanda\/#breadcrumb","itemListElement":[{"@type":"ListItem","position":1,"name":"Startseite","item":"https:\/\/www.martina-dempf.de\/"},{"@type":"ListItem","position":2,"name":"WorkshopsS\u00fcdafrika IIKasachstan IIIIdar-ObersteinItalien IIItalienKasachstan IIDubaiBorneoKasachstanGhanaRuandaS\u00fcdafrikaKambodschaLaosVietnamNepalSenegalLehrauftr\u00e4ge"}]},{"@type":"WebSite","@id":"https:\/\/www.martina-dempf.de\/#website","url":"https:\/\/www.martina-dempf.de\/","name":"MARTINA DEMPF","description":"Schumuck Design \/ Jewellery Design","potentialAction":[{"@type":"SearchAction","target":{"@type":"EntryPoint","urlTemplate":"https:\/\/www.martina-dempf.de\/?s={search_term_string}"},"query-input":"required name=search_term_string"}],"inLanguage":"en-US"}]}},"_links":{"self":[{"href":"https:\/\/www.martina-dempf.de\/en\/wp-json\/wp\/v2\/pages\/634"}],"collection":[{"href":"https:\/\/www.martina-dempf.de\/en\/wp-json\/wp\/v2\/pages"}],"about":[{"href":"https:\/\/www.martina-dempf.de\/en\/wp-json\/wp\/v2\/types\/page"}],"author":[{"embeddable":true,"href":"https:\/\/www.martina-dempf.de\/en\/wp-json\/wp\/v2\/users\/1"}],"replies":[{"embeddable":true,"href":"https:\/\/www.martina-dempf.de\/en\/wp-json\/wp\/v2\/comments?post=634"}],"version-history":[{"count":17,"href":"https:\/\/www.martina-dempf.de\/en\/wp-json\/wp\/v2\/pages\/634\/revisions"}],"predecessor-version":[{"id":2540,"href":"https:\/\/www.martina-dempf.de\/en\/wp-json\/wp\/v2\/pages\/634\/revisions\/2540"}],"wp:attachment":[{"href":"https:\/\/www.martina-dempf.de\/en\/wp-json\/wp\/v2\/media?parent=634"}],"curies":[{"name":"wp","href":"https:\/\/api.w.org\/{rel}","templated":true}]}}