{"id":653,"date":"2016-07-06T10:23:55","date_gmt":"2016-07-06T08:23:55","guid":{"rendered":"http:\/\/www.martina-dempf.de\/?p=653"},"modified":"2023-02-27T19:51:07","modified_gmt":"2023-02-27T18:51:07","slug":"suedafrika","status":"publish","type":"page","link":"https:\/\/www.martina-dempf.de\/en\/suedafrika\/","title":{"rendered":"<a href=\"https:\/\/www.martina-dempf.de\/workshops\/\">Workshops<\/a><br><a href=\"https:\/\/www.martina-dempf.de\/south-africa-ii\/\">South Africa II<\/a><br><a href=\"https:\/\/www.martina-dempf.de\/kasachstan-iii\/\">Kazakhstan III<\/a><br><a href=\"https:\/\/www.martina-dempf.de\/idar-oberstein\/\">Idar-Oberstein<\/a><br><a href=\"https:\/\/www.martina-dempf.de\/italien-ii\/\">Italy II<\/a><br><a href=\"https:\/\/www.martina-dempf.de\/italy\/\">Italy<\/a><br><a href=\"https:\/\/www.martina-dempf.de\/kazachstan-ii\/\">Kazachstan II<\/a><br><a href=\"https:\/\/www.martina-dempf.de\/dubai\/\">Dubai<\/a><br><a href=\"https:\/\/www.martina-dempf.de\/borneo\/\">Borneo<\/a><br><a href=\"https:\/\/www.martina-dempf.de\/kasachstan\/\">Kazakhstan<\/a><br><a href=\"https:\/\/www.martina-dempf.de\/ghana\/\">Ghana<\/a><br><a href=\"https:\/\/www.martina-dempf.de\/ruanda\/\">Rwanda<\/a><br>South Africa<br><a href=\"https:\/\/www.martina-dempf.de\/kambodscha\/\">Cambodia<\/a><br><a href=\"https:\/\/www.martina-dempf.de\/laos\/\">Laos<\/a><br><a href=\"https:\/\/www.martina-dempf.de\/vietnam\/\">Vietnam<\/a><br><a href=\"https:\/\/www.martina-dempf.de\/nepal\/\">Nepal<\/a><br><a href=\"https:\/\/www.martina-dempf.de\/senegal\/\">Senegal<\/a><br><a  href=\"https:\/\/www.martina-dempf.de\/lehrauftraege\/\">Lectureship<\/a>"},"content":{"rendered":"<p>Partnership Project<br \/>\nSouth Africa \u2013 Germany<\/p>\n<p>Crafts Council South Africa (CCSA) with Handwerkskammer des Saarlandes:<br \/>\nProvince of Gauteng 1999.<br \/>\nTechnikon Pretoria and Technikon Johannesburg 2000.<br \/>\nCollege of Cape Town 2003, 2004<br \/>\nPress: Jewellery Magazine Art + Design Special, February 2004: \u201cProudly South African \u2013 A Revolution in Jewellery as well.\u201d By B. Schmidt.<\/p>\n<p><span style=\"font-size: 10pt;\"> To navigate on a PC or notebook, please use the forward and back arrows of the keyboard or the horizontal scroll bar. <\/span><\/p>\n<p><\/p>","protected":false},"excerpt":{"rendered":"<p>Partnership Project South Africa \u2013 Germany Crafts Council South Africa (CCSA) with Handwerkskammer des Saarlandes: Province of Gauteng 1999. Technikon Pretoria and Technikon Johannesburg 2000. College of Cape Town 2003, 2004 Press: Jewellery Magazine Art + Design Special, February 2004: \u201cProudly South African \u2013 A Revolution in Jewellery as well.\u201d By B. Schmidt. To navigate [&hellip;]<\/p>\n","protected":false},"author":1,"featured_media":0,"parent":0,"menu_order":0,"comment_status":"closed","ping_status":"closed","template":"","meta":[],"yoast_head":"<!-- This site is optimized with the Yoast SEO plugin v20.3 - https:\/\/yoast.com\/wordpress\/plugins\/seo\/ -->\n<title>Workshops S\u00fcdafrika | MARTINA DEMPF Schmuckdesign Berlin<\/title>\n<meta name=\"description\" content=\"Bilder von Workshops von Martina Dempf in S\u00fcdafrika.\" \/>\n<meta name=\"robots\" content=\"index, follow, max-snippet:-1, max-image-preview:large, max-video-preview:-1\" \/>\n<link rel=\"canonical\" href=\"https:\/\/www.martina-dempf.de\/suedafrika\/\" \/>\n<meta property=\"og:locale\" content=\"en_US\" \/>\n<meta property=\"og:type\" content=\"article\" \/>\n<meta property=\"og:title\" content=\"[:de]Workshops S\u00fcdafrika | MARTINA DEMPF Schmuckdesign Berlin[:]\" \/>\n<meta property=\"og:description\" content=\"{:de}Bilder von Workshops von Martina Dempf in S\u00fcdafrika.{:}\" \/>\n<meta property=\"og:url\" content=\"https:\/\/www.martina-dempf.de\/suedafrika\/\" \/>\n<meta property=\"og:site_name\" content=\"MARTINA DEMPF\" \/>\n<meta property=\"article:modified_time\" content=\"2023-02-27T18:51:07+00:00\" \/>\n<meta property=\"og:image\" content=\"https:\/\/www.martina-dempf.de\/wp-content\/uploads\/2016\/07\/Suedafrika-Objekt-Draht-150x150.jpg\" \/>\n<meta name=\"twitter:card\" content=\"summary_large_image\" \/>\n<meta name=\"twitter:label1\" content=\"Est. reading time\" \/>\n\t<meta name=\"twitter:data1\" content=\"1 minute\" \/>\n<script type=\"application\/ld+json\" class=\"yoast-schema-graph\">{\"@context\":\"https:\/\/schema.org\",\"@graph\":[{\"@type\":\"WebPage\",\"@id\":\"https:\/\/www.martina-dempf.de\/suedafrika\/\",\"url\":\"https:\/\/www.martina-dempf.de\/suedafrika\/\",\"name\":\"[:de]Workshops S\u00fcdafrika | MARTINA DEMPF Schmuckdesign Berlin[:]\",\"isPartOf\":{\"@id\":\"https:\/\/www.martina-dempf.de\/#website\"},\"datePublished\":\"2016-07-06T08:23:55+00:00\",\"dateModified\":\"2023-02-27T18:51:07+00:00\",\"description\":\"{:de}Bilder von Workshops von Martina Dempf in S\u00fcdafrika.{:}\",\"breadcrumb\":{\"@id\":\"https:\/\/www.martina-dempf.de\/suedafrika\/#breadcrumb\"},\"inLanguage\":\"en-US\",\"potentialAction\":[{\"@type\":\"ReadAction\",\"target\":[\"https:\/\/www.martina-dempf.de\/suedafrika\/\"]}]},{\"@type\":\"BreadcrumbList\",\"@id\":\"https:\/\/www.martina-dempf.de\/suedafrika\/#breadcrumb\",\"itemListElement\":[{\"@type\":\"ListItem\",\"position\":1,\"name\":\"Startseite\",\"item\":\"https:\/\/www.martina-dempf.de\/\"},{\"@type\":\"ListItem\",\"position\":2,\"name\":\"WorkshopsS\u00fcdafrika IIKasachstan IIIIdar-ObersteinItalien IIItalienKasachstan IIDubaiBorneoKasachstanGhanaRuandaS\u00fcdafrikaKambodschaLaosVietnamNepalSenegalLehrauftr\u00e4ge\"}]},{\"@type\":\"WebSite\",\"@id\":\"https:\/\/www.martina-dempf.de\/#website\",\"url\":\"https:\/\/www.martina-dempf.de\/\",\"name\":\"MARTINA DEMPF\",\"description\":\"Schumuck Design \/ Jewellery Design\",\"potentialAction\":[{\"@type\":\"SearchAction\",\"target\":{\"@type\":\"EntryPoint\",\"urlTemplate\":\"https:\/\/www.martina-dempf.de\/?s={search_term_string}\"},\"query-input\":\"required name=search_term_string\"}],\"inLanguage\":\"en-US\"}]}<\/script>\n<!-- \/ Yoast SEO plugin. -->","yoast_head_json":{"title":"Workshops S\u00fcdafrika | MARTINA DEMPF Schmuckdesign Berlin","description":"Bilder von Workshops von Martina Dempf in S\u00fcdafrika.","robots":{"index":"index","follow":"follow","max-snippet":"max-snippet:-1","max-image-preview":"max-image-preview:large","max-video-preview":"max-video-preview:-1"},"canonical":"https:\/\/www.martina-dempf.de\/suedafrika\/","og_locale":"en_US","og_type":"article","og_title":"[:de]Workshops S\u00fcdafrika | MARTINA DEMPF Schmuckdesign Berlin[:]","og_description":"{:de}Bilder von Workshops von Martina Dempf in S\u00fcdafrika.{:}","og_url":"https:\/\/www.martina-dempf.de\/suedafrika\/","og_site_name":"MARTINA DEMPF","article_modified_time":"2023-02-27T18:51:07+00:00","og_image":[{"url":"https:\/\/www.martina-dempf.de\/wp-content\/uploads\/2016\/07\/Suedafrika-Objekt-Draht-150x150.jpg"}],"twitter_card":"summary_large_image","twitter_misc":{"Est. reading time":"1 minute"},"schema":{"@context":"https:\/\/schema.org","@graph":[{"@type":"WebPage","@id":"https:\/\/www.martina-dempf.de\/suedafrika\/","url":"https:\/\/www.martina-dempf.de\/suedafrika\/","name":"[:de]Workshops S\u00fcdafrika | MARTINA DEMPF Schmuckdesign Berlin[:]","isPartOf":{"@id":"https:\/\/www.martina-dempf.de\/#website"},"datePublished":"2016-07-06T08:23:55+00:00","dateModified":"2023-02-27T18:51:07+00:00","description":"{:de}Bilder von Workshops von Martina Dempf in S\u00fcdafrika.{:}","breadcrumb":{"@id":"https:\/\/www.martina-dempf.de\/suedafrika\/#breadcrumb"},"inLanguage":"en-US","potentialAction":[{"@type":"ReadAction","target":["https:\/\/www.martina-dempf.de\/suedafrika\/"]}]},{"@type":"BreadcrumbList","@id":"https:\/\/www.martina-dempf.de\/suedafrika\/#breadcrumb","itemListElement":[{"@type":"ListItem","position":1,"name":"Startseite","item":"https:\/\/www.martina-dempf.de\/"},{"@type":"ListItem","position":2,"name":"WorkshopsS\u00fcdafrika IIKasachstan IIIIdar-ObersteinItalien IIItalienKasachstan IIDubaiBorneoKasachstanGhanaRuandaS\u00fcdafrikaKambodschaLaosVietnamNepalSenegalLehrauftr\u00e4ge"}]},{"@type":"WebSite","@id":"https:\/\/www.martina-dempf.de\/#website","url":"https:\/\/www.martina-dempf.de\/","name":"MARTINA DEMPF","description":"Schumuck Design \/ Jewellery Design","potentialAction":[{"@type":"SearchAction","target":{"@type":"EntryPoint","urlTemplate":"https:\/\/www.martina-dempf.de\/?s={search_term_string}"},"query-input":"required name=search_term_string"}],"inLanguage":"en-US"}]}},"_links":{"self":[{"href":"https:\/\/www.martina-dempf.de\/en\/wp-json\/wp\/v2\/pages\/653"}],"collection":[{"href":"https:\/\/www.martina-dempf.de\/en\/wp-json\/wp\/v2\/pages"}],"about":[{"href":"https:\/\/www.martina-dempf.de\/en\/wp-json\/wp\/v2\/types\/page"}],"author":[{"embeddable":true,"href":"https:\/\/www.martina-dempf.de\/en\/wp-json\/wp\/v2\/users\/1"}],"replies":[{"embeddable":true,"href":"https:\/\/www.martina-dempf.de\/en\/wp-json\/wp\/v2\/comments?post=653"}],"version-history":[{"count":14,"href":"https:\/\/www.martina-dempf.de\/en\/wp-json\/wp\/v2\/pages\/653\/revisions"}],"predecessor-version":[{"id":2541,"href":"https:\/\/www.martina-dempf.de\/en\/wp-json\/wp\/v2\/pages\/653\/revisions\/2541"}],"wp:attachment":[{"href":"https:\/\/www.martina-dempf.de\/en\/wp-json\/wp\/v2\/media?parent=653"}],"curies":[{"name":"wp","href":"https:\/\/api.w.org\/{rel}","templated":true}]}}