{"id":846,"date":"2016-08-05T15:05:58","date_gmt":"2016-08-05T13:05:58","guid":{"rendered":"http:\/\/www.martina-dempf.de\/?p=846"},"modified":"2025-08-24T18:05:31","modified_gmt":"2025-08-24T16:05:31","slug":"dubai","status":"publish","type":"page","link":"https:\/\/www.martina-dempf.de\/en\/dubai\/","title":{"rendered":"<a href=\"https:\/\/www.martina-dempf.de\/workshops\/\">Workshops<\/a><br><a href=\"https:\/\/www.martina-dempf.de\/south-africa-ii\/\">South Africa II<\/a><br><a href=\" https:\/\/www.martina-dempf.de\/kasachstan-iii\/\">Kazakhstan III<\/a><br><a href=\"https:\/\/www.martina-dempf.de\/idar-oberstein\/\">Idar-Oberstein<\/a><br><a href=\"https:\/\/www.martina-dempf.de\/italien-ii\/\">Italy II<\/a><br><a href=\"https:\/\/www.martina-dempf.de\/italy\/\">Italy<\/a><br><a href=\"https:\/\/www.martina-dempf.de\/kazachstan-ii\/\">Kazachstan II<\/a><br>Dubai<br><a href=\"https:\/\/www.martina-dempf.de\/borneo\/\">Borneo<\/a><br><a href=\"https:\/\/www.martina-dempf.de\/kasachstan\/\">Kazakhstan<\/a><br><a href=\"https:\/\/www.martina-dempf.de\/ghana\/\">Ghana<\/a><br><a href=\"https:\/\/www.martina-dempf.de\/ruanda\/\">Rwanda<\/a><br><a href=\"https:\/\/www.martina-dempf.de\/suedafrika\/\">South Africa<\/a><br><a href=\"https:\/\/www.martina-dempf.de\/kambodscha\/\">Cambodia<\/a><br><a href=\"https:\/\/www.martina-dempf.de\/laos\/\">Laos<\/a><br><a href=\"https:\/\/www.martina-dempf.de\/vietnam\/\">Vietnam<\/a><br><a href=\"https:\/\/www.martina-dempf.de\/nepal\/\">Nepal<\/a><br><a href=\"https:\/\/www.martina-dempf.de\/senegal\/\">Senegal<\/a><br><a  href=\"https:\/\/www.martina-dempf.de\/lehrauftraege\/\">Lectureship<\/a>"},"content":{"rendered":"<p>Berlin-Dubai Design Festival 2014<\/p>\n<p>\u201cJewellery as a Cultural Statement &#8211; Global Places, Local Signs\u201d<\/p>\n<p>Eight jewellery designers from Berlin and Dubai met for workshops in both cities. The final design festival with panel discussion, designers talk and exhibition took place in Nov 2014.<\/p>\n<p>Participants: Fatima al Qassimi, Amal Haliq, Muna al Hadad, Noura Alserkal (Dubai), Mirjam Hiller, Silke Spitzer, Catalina Brenes, Rahel Fiebelkorn ( Berlin).<br \/>\nWorkshop concept and leader: Martina Dempf.<br \/>\nOrganization: Goethe-Institut Dubai.<br \/>\nMedia partner Germany: ART AUREA<\/p>\n<p><span style=\"font-size: 10pt;\"> To navigate on a PC or notebook, please use the forward and back arrows of the keyboard or the horizontal scroll bar. &lt;\/span &gt;<\/span><\/p>\n<p><\/p>","protected":false},"excerpt":{"rendered":"<p>Berlin-Dubai Design Festival 2014 \u201cJewellery as a Cultural Statement &#8211; Global Places, Local Signs\u201d Eight jewellery designers from Berlin and Dubai met for workshops in both cities. The final design festival with panel discussion, designers talk and exhibition took place in Nov 2014. Participants: Fatima al Qassimi, Amal Haliq, Muna al Hadad, Noura Alserkal (Dubai), [&hellip;]<\/p>\n","protected":false},"author":1,"featured_media":0,"parent":0,"menu_order":0,"comment_status":"closed","ping_status":"closed","template":"","meta":[],"yoast_head":"<!-- This site is optimized with the Yoast SEO plugin v20.3 - https:\/\/yoast.com\/wordpress\/plugins\/seo\/ -->\n<title>Berlin-Dubai Design Festival | MARTINA DEMPF Schmuckdesign Berlin<\/title>\n<meta name=\"description\" content=\"Designerinnen aus Berlin und Dubai trafen sich unter dem Motto &quot;Schmuck als kulturelles Statement&quot; zu Workshops in beiden Metropolen.\" \/>\n<meta name=\"robots\" content=\"index, follow, max-snippet:-1, max-image-preview:large, max-video-preview:-1\" \/>\n<link rel=\"canonical\" href=\"https:\/\/www.martina-dempf.de\/dubai\/\" \/>\n<meta property=\"og:locale\" content=\"en_US\" \/>\n<meta property=\"og:type\" content=\"article\" \/>\n<meta property=\"og:title\" content=\"[:de]Berlin-Dubai Design Festival | MARTINA DEMPF Schmuckdesign Berlin[:]\" \/>\n<meta property=\"og:description\" content=\"{:de}Designerinnen aus Berlin und Dubai trafen sich unter dem Motto &quot;Schmuck als kulturelles Statement&quot; zu Workshops in beiden Metropolen.{:}\" \/>\n<meta property=\"og:url\" content=\"https:\/\/www.martina-dempf.de\/dubai\/\" \/>\n<meta property=\"og:site_name\" content=\"MARTINA DEMPF\" \/>\n<meta property=\"article:modified_time\" content=\"2025-08-24T16:05:31+00:00\" \/>\n<meta property=\"og:image\" content=\"https:\/\/www.martina-dempf.de\/wp-content\/uploads\/2025\/08\/M_Dempf_Maskerade_1_C-web-150x150.jpg\" \/>\n<meta name=\"twitter:card\" content=\"summary_large_image\" \/>\n<meta name=\"twitter:label1\" content=\"Est. reading time\" \/>\n\t<meta name=\"twitter:data1\" content=\"1 minute\" \/>\n<script type=\"application\/ld+json\" class=\"yoast-schema-graph\">{\"@context\":\"https:\/\/schema.org\",\"@graph\":[{\"@type\":\"WebPage\",\"@id\":\"https:\/\/www.martina-dempf.de\/dubai\/\",\"url\":\"https:\/\/www.martina-dempf.de\/dubai\/\",\"name\":\"[:de]Berlin-Dubai Design Festival | MARTINA DEMPF Schmuckdesign Berlin[:]\",\"isPartOf\":{\"@id\":\"https:\/\/www.martina-dempf.de\/#website\"},\"datePublished\":\"2016-08-05T13:05:58+00:00\",\"dateModified\":\"2025-08-24T16:05:31+00:00\",\"description\":\"{:de}Designerinnen aus Berlin und Dubai trafen sich unter dem Motto \\\"Schmuck als kulturelles Statement\\\" zu Workshops in beiden Metropolen.{:}\",\"breadcrumb\":{\"@id\":\"https:\/\/www.martina-dempf.de\/dubai\/#breadcrumb\"},\"inLanguage\":\"en-US\",\"potentialAction\":[{\"@type\":\"ReadAction\",\"target\":[\"https:\/\/www.martina-dempf.de\/dubai\/\"]}]},{\"@type\":\"BreadcrumbList\",\"@id\":\"https:\/\/www.martina-dempf.de\/dubai\/#breadcrumb\",\"itemListElement\":[{\"@type\":\"ListItem\",\"position\":1,\"name\":\"Startseite\",\"item\":\"https:\/\/www.martina-dempf.de\/\"},{\"@type\":\"ListItem\",\"position\":2,\"name\":\"WorkshopsS\u00fcdafrika IIKasachstan IIIIdar-ObersteinItalien IIItalienKasachstan IIDubaiBorneoKasachstanGhanaRuandaS\u00fcdafrikaKambodschaLaosVietnamNepalSenegalLehrauftr\u00e4ge\"}]},{\"@type\":\"WebSite\",\"@id\":\"https:\/\/www.martina-dempf.de\/#website\",\"url\":\"https:\/\/www.martina-dempf.de\/\",\"name\":\"MARTINA DEMPF\",\"description\":\"Schumuck Design \/ Jewellery Design\",\"potentialAction\":[{\"@type\":\"SearchAction\",\"target\":{\"@type\":\"EntryPoint\",\"urlTemplate\":\"https:\/\/www.martina-dempf.de\/?s={search_term_string}\"},\"query-input\":\"required name=search_term_string\"}],\"inLanguage\":\"en-US\"}]}<\/script>\n<!-- \/ Yoast SEO plugin. -->","yoast_head_json":{"title":"Berlin-Dubai Design Festival | MARTINA DEMPF Schmuckdesign Berlin","description":"Designerinnen aus Berlin und Dubai trafen sich unter dem Motto \"Schmuck als kulturelles Statement\" zu Workshops in beiden Metropolen.","robots":{"index":"index","follow":"follow","max-snippet":"max-snippet:-1","max-image-preview":"max-image-preview:large","max-video-preview":"max-video-preview:-1"},"canonical":"https:\/\/www.martina-dempf.de\/dubai\/","og_locale":"en_US","og_type":"article","og_title":"[:de]Berlin-Dubai Design Festival | MARTINA DEMPF Schmuckdesign Berlin[:]","og_description":"{:de}Designerinnen aus Berlin und Dubai trafen sich unter dem Motto \"Schmuck als kulturelles Statement\" zu Workshops in beiden Metropolen.{:}","og_url":"https:\/\/www.martina-dempf.de\/dubai\/","og_site_name":"MARTINA DEMPF","article_modified_time":"2025-08-24T16:05:31+00:00","og_image":[{"url":"https:\/\/www.martina-dempf.de\/wp-content\/uploads\/2025\/08\/M_Dempf_Maskerade_1_C-web-150x150.jpg"}],"twitter_card":"summary_large_image","twitter_misc":{"Est. reading time":"1 minute"},"schema":{"@context":"https:\/\/schema.org","@graph":[{"@type":"WebPage","@id":"https:\/\/www.martina-dempf.de\/dubai\/","url":"https:\/\/www.martina-dempf.de\/dubai\/","name":"[:de]Berlin-Dubai Design Festival | MARTINA DEMPF Schmuckdesign Berlin[:]","isPartOf":{"@id":"https:\/\/www.martina-dempf.de\/#website"},"datePublished":"2016-08-05T13:05:58+00:00","dateModified":"2025-08-24T16:05:31+00:00","description":"{:de}Designerinnen aus Berlin und Dubai trafen sich unter dem Motto \"Schmuck als kulturelles Statement\" zu Workshops in beiden Metropolen.{:}","breadcrumb":{"@id":"https:\/\/www.martina-dempf.de\/dubai\/#breadcrumb"},"inLanguage":"en-US","potentialAction":[{"@type":"ReadAction","target":["https:\/\/www.martina-dempf.de\/dubai\/"]}]},{"@type":"BreadcrumbList","@id":"https:\/\/www.martina-dempf.de\/dubai\/#breadcrumb","itemListElement":[{"@type":"ListItem","position":1,"name":"Startseite","item":"https:\/\/www.martina-dempf.de\/"},{"@type":"ListItem","position":2,"name":"WorkshopsS\u00fcdafrika IIKasachstan IIIIdar-ObersteinItalien IIItalienKasachstan IIDubaiBorneoKasachstanGhanaRuandaS\u00fcdafrikaKambodschaLaosVietnamNepalSenegalLehrauftr\u00e4ge"}]},{"@type":"WebSite","@id":"https:\/\/www.martina-dempf.de\/#website","url":"https:\/\/www.martina-dempf.de\/","name":"MARTINA DEMPF","description":"Schumuck Design \/ Jewellery Design","potentialAction":[{"@type":"SearchAction","target":{"@type":"EntryPoint","urlTemplate":"https:\/\/www.martina-dempf.de\/?s={search_term_string}"},"query-input":"required name=search_term_string"}],"inLanguage":"en-US"}]}},"_links":{"self":[{"href":"https:\/\/www.martina-dempf.de\/en\/wp-json\/wp\/v2\/pages\/846"}],"collection":[{"href":"https:\/\/www.martina-dempf.de\/en\/wp-json\/wp\/v2\/pages"}],"about":[{"href":"https:\/\/www.martina-dempf.de\/en\/wp-json\/wp\/v2\/types\/page"}],"author":[{"embeddable":true,"href":"https:\/\/www.martina-dempf.de\/en\/wp-json\/wp\/v2\/users\/1"}],"replies":[{"embeddable":true,"href":"https:\/\/www.martina-dempf.de\/en\/wp-json\/wp\/v2\/comments?post=846"}],"version-history":[{"count":23,"href":"https:\/\/www.martina-dempf.de\/en\/wp-json\/wp\/v2\/pages\/846\/revisions"}],"predecessor-version":[{"id":2919,"href":"https:\/\/www.martina-dempf.de\/en\/wp-json\/wp\/v2\/pages\/846\/revisions\/2919"}],"wp:attachment":[{"href":"https:\/\/www.martina-dempf.de\/en\/wp-json\/wp\/v2\/media?parent=846"}],"curies":[{"name":"wp","href":"https:\/\/api.w.org\/{rel}","templated":true}]}}