{"id":848,"date":"2016-08-05T15:06:57","date_gmt":"2016-08-05T13:06:57","guid":{"rendered":"http:\/\/www.martina-dempf.de\/?p=848"},"modified":"2023-02-27T19:55:45","modified_gmt":"2023-02-27T18:55:45","slug":"nepal","status":"publish","type":"page","link":"https:\/\/www.martina-dempf.de\/en\/nepal\/","title":{"rendered":"<a href=\"https:\/\/www.martina-dempf.de\/workshops\/\">Workshops<\/a><br><a href=\"https:\/\/www.martina-dempf.de\/south-africa-ii\/\">South Africa II<\/a><br><a href=\"https:\/\/www.martina-dempf.de\/kasachstan-iii\/\">Kazakhstan III<\/a><br><a href=\"https:\/\/www.martina-dempf.de\/idar-oberstein\/\">Idar-Oberstein<\/a><br><a href=\"https:\/\/www.martina-dempf.de\/italien-ii\/\">Italy II<\/a><br><a href=\"https:\/\/www.martina-dempf.de\/italy\/\">Italy<\/a><br><a href=\"https:\/\/www.martina-dempf.de\/kazachstan-ii\/\">Kazachstan II<\/a><br><a href=\"https:\/\/www.martina-dempf.de\/dubai\/\">Dubai<\/a><br><a href=\"https:\/\/www.martina-dempf.de\/borneo\/\">Borneo<\/a><br><a href=\"https:\/\/www.martina-dempf.de\/kasachstan\/\">Kazakhstan<\/a><br><a href=\"https:\/\/www.martina-dempf.de\/ghana\/\">Ghana<\/a><br><a href=\"https:\/\/www.martina-dempf.de\/ruanda\/\">Rwanda<\/a><br><a href=\"https:\/\/www.martina-dempf.de\/suedafrika\/\">South Africa<\/a><br><a href=\"https:\/\/www.martina-dempf.de\/kambodscha\/\">Cambodia<\/a><br><a href=\"https:\/\/www.martina-dempf.de\/laos\/\">Laos<\/a><br><a href=\"https:\/\/www.martina-dempf.de\/vietnam\/\">Vietnam<\/a><br>Nepal<br><a href=\"https:\/\/www.martina-dempf.de\/senegal\/\">Senegal<\/a><br><a  href=\"https:\/\/www.martina-dempf.de\/lehrauftraege\/\">Lectureship<\/a>"},"content":{"rendered":"<p>Partnership Project Nepal \u2013 Germany<\/p>\n<p>International Handwerkspartnerschaften GmbH,<br \/>\nPokhara Chamber of Commerce and Industries (PCCI) Nepal<br \/>\nand Handwerkskammer Rheinhessen (HKW):<\/p>\n<p>Arts and Crafts in Pokhara, 1995.<br \/>\nSkill development training on modern silver jewellery in Pokhara, 1996.<br \/>\nAdvanced Skill Development training on modern Silver Jewellery in Pokhar, 1997.<\/p>\n<p><span style=\"font-size: 10pt;\"> To navigate on a PC or notebook, please use the forward and back arrows of the keyboard or the horizontal scroll bar. <\/span ><\/p>\n<p><\/p>","protected":false},"excerpt":{"rendered":"<p>Partnership Project Nepal \u2013 Germany International Handwerkspartnerschaften GmbH, Pokhara Chamber of Commerce and Industries (PCCI) Nepal and Handwerkskammer Rheinhessen (HKW): Arts and Crafts in Pokhara, 1995. Skill development training on modern silver jewellery in Pokhara, 1996. Advanced Skill Development training on modern Silver Jewellery in Pokhar, 1997. To navigate on a PC or notebook, please [&hellip;]<\/p>\n","protected":false},"author":1,"featured_media":0,"parent":0,"menu_order":0,"comment_status":"closed","ping_status":"closed","template":"","meta":[],"yoast_head":"<!-- This site is optimized with the Yoast SEO plugin v20.3 - https:\/\/yoast.com\/wordpress\/plugins\/seo\/ -->\n<title>Workshop Nepal | MARTINA DEMPF Schmuckdesign Berlin<\/title>\n<meta name=\"description\" content=\"Workshop von Martina Dempf in Nepal. Skill development training on modern silver jewelry in Pokhara,\" \/>\n<meta name=\"robots\" content=\"index, follow, max-snippet:-1, max-image-preview:large, max-video-preview:-1\" \/>\n<link rel=\"canonical\" href=\"https:\/\/www.martina-dempf.de\/nepal\/\" \/>\n<meta property=\"og:locale\" content=\"en_US\" \/>\n<meta property=\"og:type\" content=\"article\" \/>\n<meta property=\"og:title\" content=\"[:de]Workshop Nepal | MARTINA DEMPF Schmuckdesign Berlin[:]\" \/>\n<meta property=\"og:description\" content=\"{:de}Workshop von Martina Dempf in Nepal. Skill development training on modern silver jewelry in Pokhara,{:}\" \/>\n<meta property=\"og:url\" content=\"https:\/\/www.martina-dempf.de\/nepal\/\" \/>\n<meta property=\"og:site_name\" content=\"MARTINA DEMPF\" \/>\n<meta property=\"article:modified_time\" content=\"2023-02-27T18:55:45+00:00\" \/>\n<meta property=\"og:image\" content=\"https:\/\/www.martina-dempf.de\/wp-content\/uploads\/2016\/08\/019-96-Nep-Lal-150x150.jpg\" \/>\n<meta name=\"twitter:card\" content=\"summary_large_image\" \/>\n<meta name=\"twitter:label1\" content=\"Est. reading time\" \/>\n\t<meta name=\"twitter:data1\" content=\"1 minute\" \/>\n<script type=\"application\/ld+json\" class=\"yoast-schema-graph\">{\"@context\":\"https:\/\/schema.org\",\"@graph\":[{\"@type\":\"WebPage\",\"@id\":\"https:\/\/www.martina-dempf.de\/nepal\/\",\"url\":\"https:\/\/www.martina-dempf.de\/nepal\/\",\"name\":\"[:de]Workshop Nepal | MARTINA DEMPF Schmuckdesign Berlin[:]\",\"isPartOf\":{\"@id\":\"https:\/\/www.martina-dempf.de\/#website\"},\"datePublished\":\"2016-08-05T13:06:57+00:00\",\"dateModified\":\"2023-02-27T18:55:45+00:00\",\"description\":\"{:de}Workshop von Martina Dempf in Nepal. Skill development training on modern silver jewelry in Pokhara,{:}\",\"breadcrumb\":{\"@id\":\"https:\/\/www.martina-dempf.de\/nepal\/#breadcrumb\"},\"inLanguage\":\"en-US\",\"potentialAction\":[{\"@type\":\"ReadAction\",\"target\":[\"https:\/\/www.martina-dempf.de\/nepal\/\"]}]},{\"@type\":\"BreadcrumbList\",\"@id\":\"https:\/\/www.martina-dempf.de\/nepal\/#breadcrumb\",\"itemListElement\":[{\"@type\":\"ListItem\",\"position\":1,\"name\":\"Startseite\",\"item\":\"https:\/\/www.martina-dempf.de\/\"},{\"@type\":\"ListItem\",\"position\":2,\"name\":\"WorkshopsS\u00fcdafrika IIKasachstan IIIIdar-ObersteinItalien IIItalienKasachstan IIDubaiBorneoKasachstanGhanaRuandaS\u00fcdafrikaKambodschaLaosVietnamNepalSenegalLehrauftr\u00e4ge\"}]},{\"@type\":\"WebSite\",\"@id\":\"https:\/\/www.martina-dempf.de\/#website\",\"url\":\"https:\/\/www.martina-dempf.de\/\",\"name\":\"MARTINA DEMPF\",\"description\":\"Schumuck Design \/ Jewellery Design\",\"potentialAction\":[{\"@type\":\"SearchAction\",\"target\":{\"@type\":\"EntryPoint\",\"urlTemplate\":\"https:\/\/www.martina-dempf.de\/?s={search_term_string}\"},\"query-input\":\"required name=search_term_string\"}],\"inLanguage\":\"en-US\"}]}<\/script>\n<!-- \/ Yoast SEO plugin. -->","yoast_head_json":{"title":"Workshop Nepal | MARTINA DEMPF Schmuckdesign Berlin","description":"Workshop von Martina Dempf in Nepal. Skill development training on modern silver jewelry in Pokhara,","robots":{"index":"index","follow":"follow","max-snippet":"max-snippet:-1","max-image-preview":"max-image-preview:large","max-video-preview":"max-video-preview:-1"},"canonical":"https:\/\/www.martina-dempf.de\/nepal\/","og_locale":"en_US","og_type":"article","og_title":"[:de]Workshop Nepal | MARTINA DEMPF Schmuckdesign Berlin[:]","og_description":"{:de}Workshop von Martina Dempf in Nepal. Skill development training on modern silver jewelry in Pokhara,{:}","og_url":"https:\/\/www.martina-dempf.de\/nepal\/","og_site_name":"MARTINA DEMPF","article_modified_time":"2023-02-27T18:55:45+00:00","og_image":[{"url":"https:\/\/www.martina-dempf.de\/wp-content\/uploads\/2016\/08\/019-96-Nep-Lal-150x150.jpg"}],"twitter_card":"summary_large_image","twitter_misc":{"Est. reading time":"1 minute"},"schema":{"@context":"https:\/\/schema.org","@graph":[{"@type":"WebPage","@id":"https:\/\/www.martina-dempf.de\/nepal\/","url":"https:\/\/www.martina-dempf.de\/nepal\/","name":"[:de]Workshop Nepal | MARTINA DEMPF Schmuckdesign Berlin[:]","isPartOf":{"@id":"https:\/\/www.martina-dempf.de\/#website"},"datePublished":"2016-08-05T13:06:57+00:00","dateModified":"2023-02-27T18:55:45+00:00","description":"{:de}Workshop von Martina Dempf in Nepal. Skill development training on modern silver jewelry in Pokhara,{:}","breadcrumb":{"@id":"https:\/\/www.martina-dempf.de\/nepal\/#breadcrumb"},"inLanguage":"en-US","potentialAction":[{"@type":"ReadAction","target":["https:\/\/www.martina-dempf.de\/nepal\/"]}]},{"@type":"BreadcrumbList","@id":"https:\/\/www.martina-dempf.de\/nepal\/#breadcrumb","itemListElement":[{"@type":"ListItem","position":1,"name":"Startseite","item":"https:\/\/www.martina-dempf.de\/"},{"@type":"ListItem","position":2,"name":"WorkshopsS\u00fcdafrika IIKasachstan IIIIdar-ObersteinItalien IIItalienKasachstan IIDubaiBorneoKasachstanGhanaRuandaS\u00fcdafrikaKambodschaLaosVietnamNepalSenegalLehrauftr\u00e4ge"}]},{"@type":"WebSite","@id":"https:\/\/www.martina-dempf.de\/#website","url":"https:\/\/www.martina-dempf.de\/","name":"MARTINA DEMPF","description":"Schumuck Design \/ Jewellery Design","potentialAction":[{"@type":"SearchAction","target":{"@type":"EntryPoint","urlTemplate":"https:\/\/www.martina-dempf.de\/?s={search_term_string}"},"query-input":"required name=search_term_string"}],"inLanguage":"en-US"}]}},"_links":{"self":[{"href":"https:\/\/www.martina-dempf.de\/en\/wp-json\/wp\/v2\/pages\/848"}],"collection":[{"href":"https:\/\/www.martina-dempf.de\/en\/wp-json\/wp\/v2\/pages"}],"about":[{"href":"https:\/\/www.martina-dempf.de\/en\/wp-json\/wp\/v2\/types\/page"}],"author":[{"embeddable":true,"href":"https:\/\/www.martina-dempf.de\/en\/wp-json\/wp\/v2\/users\/1"}],"replies":[{"embeddable":true,"href":"https:\/\/www.martina-dempf.de\/en\/wp-json\/wp\/v2\/comments?post=848"}],"version-history":[{"count":17,"href":"https:\/\/www.martina-dempf.de\/en\/wp-json\/wp\/v2\/pages\/848\/revisions"}],"predecessor-version":[{"id":2545,"href":"https:\/\/www.martina-dempf.de\/en\/wp-json\/wp\/v2\/pages\/848\/revisions\/2545"}],"wp:attachment":[{"href":"https:\/\/www.martina-dempf.de\/en\/wp-json\/wp\/v2\/media?parent=848"}],"curies":[{"name":"wp","href":"https:\/\/api.w.org\/{rel}","templated":true}]}}